{"id":11221,"date":"2017-09-14T01:13:03","date_gmt":"2017-09-14T05:13:03","guid":{"rendered":"http:\/\/dgsc.ca\/?page_id=11221"},"modified":"2022-10-26T14:09:13","modified_gmt":"2022-10-26T18:09:13","slug":"biogaz","status":"publish","type":"page","link":"https:\/\/dgsc.ca\/fr\/applications\/biogaz\/","title":{"rendered":"Biogaz"},"content":{"rendered":"<div class=\"wpb-content-wrapper\"><p>[vc_row full_width=\u00a0\u00bbstretch_row\u00a0\u00bb gradient_colors=\u00a0\u00bb%5B%7B%7D%5D\u00a0\u00bb css=\u00a0\u00bb.vc_custom_1666804432019{padding-top: 180px !important;padding-bottom: 180px !important;background-image: url(https:\/\/dgsc.ca\/wp-content\/uploads\/2022\/09\/header-biogas-2.jpg?id=12883) !important;background-position: center !important;background-repeat: no-repeat !important;background-size: cover !important;}\u00a0\u00bb][vc_column][vc_custom_heading text=\u00a0\u00bbCircular Sustainability<br \/>\nBIOGAZ\u00a0\u00bb font_container=\u00a0\u00bbtag:h1|text_align:left|color:%23ffffff\u00a0\u00bb use_theme_fonts=\u00a0\u00bbyes\u00a0\u00bb css=\u00a0\u00bb.vc_custom_1666806872480{margin-bottom: 0px !important;}\u00a0\u00bb][vc_empty_space height=\u00a0\u00bb30px\u00a0\u00bb][vc_btn title=\u00a0\u00bbVOIR LA SOLUTION GNL\u00a0\u00bb style=\u00a0\u00bbcustom\u00a0\u00bb custom_background=\u00a0\u00bb#ffffff\u00a0\u00bb custom_text=\u00a0\u00bb#236eae\u00a0\u00bb shape=\u00a0\u00bbround\u00a0\u00bb align=\u00a0\u00bbleft\u00a0\u00bb link=\u00a0\u00bburl:https%3A%2F%2Fdgsc.ca%2Ffr%2Fsolutions-de-carburant-propre%2F%23gnl-solutions\u00a0\u00bb][\/vc_column][\/vc_row][vc_row full_width=\u00a0\u00bbstretch_row\u00a0\u00bb gradient_colors=\u00a0\u00bb%5B%7B%7D%5D\u00a0\u00bb css=\u00a0\u00bb.vc_custom_1666806966967{padding-top: 30px !important;padding-right: 15% !important;padding-bottom: 30px !important;padding-left: 15% !important;}\u00a0\u00bb el_class=\u00a0\u00bbaplication-custom\u00a0\u00bb][vc_column][vc_custom_heading text=\u00a0\u00bbApplications <b>GNL \/ GNC<\/b>\u00a0\u00bb font_container=\u00a0\u00bbtag:h2|font_size:48|text_align:center|color:%23236eae|line_height:1.3&Prime; use_theme_fonts=\u00a0\u00bbyes\u00a0\u00bb el_class=\u00a0\u00bbthin\u00a0\u00bb css=\u00a0\u00bb.vc_custom_1506110483329{padding-bottom: 30px !important;}\u00a0\u00bb][vc_single_image image=\u00a0\u00bb12903&Prime; img_size=\u00a0\u00bbfull\u00a0\u00bb alignment=\u00a0\u00bbcenter\u00a0\u00bb el_class=\u00a0\u00bbstyle-svg\u00a0\u00bb][vc_empty_space height=\u00a0\u00bb20px\u00a0\u00bb][vc_column_text]<\/p>\n<h3 style=\"text-align: center;\"><span style=\"color: #686868;\">BIOGAZ<\/span><\/h3>\n<p>[\/vc_column_text][vc_empty_space height=\u00a0\u00bb30px\u00a0\u00bb][vc_column_text]<\/p>\n<p style=\"text-align: center;\">Le biogaz provient de la d\u00e9gradation de la mati\u00e8re organique en l\u2019absence d&rsquo;oxyg\u00e8ne, un processus appel\u00e9 digestion ana\u00e9robie. Les sources de mati\u00e8res organiques peuvent inclure les d\u00e9charges, les d\u00e9chets agricoles \/ municipaux, les eaux us\u00e9es, les engrais et les sous-produits de transformation alimentaire.<\/p>\n<p style=\"text-align: center;\">DGSC offre des solutions int\u00e9gr\u00e9es de traitement du biogaz pour produire du Biom\u00e9thane liqu\u00e9fi\u00e9 ou du Biom\u00e9thane comprim\u00e9 . Ces carburants, \u00e9galement appel\u00e9s gaz naturels renouvelables, peuvent \u00eatre utilis\u00e9s pour alimenter des v\u00e9hicules lourds, ou pour r\u00e9injecter dans un pipeline de gaz.<\/p>\n<p>[\/vc_column_text][vc_empty_space height=\u00a0\u00bb30px\u00a0\u00bb][vc_btn title=\u00a0\u00bbVOIR LA SOLUTION LNG\u00a0\u00bb style=\u00a0\u00bbcustom\u00a0\u00bb custom_background=\u00a0\u00bb#236eae\u00a0\u00bb custom_text=\u00a0\u00bb#ffffff\u00a0\u00bb shape=\u00a0\u00bbround\u00a0\u00bb align=\u00a0\u00bbcenter\u00a0\u00bb link=\u00a0\u00bburl:https%3A%2F%2Fdgsc.ca%2Ffr%2Fsolutions-de-carburant-propre%2F%23gnl-solutions\u00a0\u00bb][\/vc_column][\/vc_row][vc_row css=\u00a0\u00bb.vc_custom_1663265580039{margin-top: 60px !important;margin-bottom: 60px !important;}\u00a0\u00bb][vc_column][vc_custom_heading text=\u00a0\u00bbINDUSTRIES QUE NOUS SERVONS\u00a0\u00bb font_container=\u00a0\u00bbtag:h3|text_align:center|color:%23236eae\u00a0\u00bb use_theme_fonts=\u00a0\u00bbyes\u00a0\u00bb][vc_empty_space height=\u00a0\u00bb30px\u00a0\u00bb][vc_row_inner][vc_column_inner width=\u00a0\u00bb1\/6&Prime;][vc_single_image image=\u00a0\u00bb9266&Prime; img_size=\u00a0\u00bbfull\u00a0\u00bb alignment=\u00a0\u00bbcenter\u00a0\u00bb onclick=\u00a0\u00bbcustom_link\u00a0\u00bb el_class=\u00a0\u00bbstyle-svg\u00a0\u00bb link=\u00a0\u00bbhttps:\/\/dgsc.ca\/fr\/applications\/exploitation-miniere\/\u00a0\u00bb][vc_empty_space height=\u00a0\u00bb11px\u00a0\u00bb][vc_custom_heading text=\u00a0\u00bbEXPLOITATION MINI\u00c8RE\u00a0\u00bb font_container=\u00a0\u00bbtag:h5|text_align:center|color:%23686868&Prime; use_theme_fonts=\u00a0\u00bbyes\u00a0\u00bb link=\u00a0\u00bburl:https%3A%2F%2Fdgsc.ca%2Ffr%2Fapplications%2Fexploitation-miniere%2F|title:EXPLOITATION%20MINI%C3%88RE\u00a0\u00bb][\/vc_column_inner][vc_column_inner width=\u00a0\u00bb1\/6&Prime;][vc_single_image image=\u00a0\u00bb9265&Prime; img_size=\u00a0\u00bbfull\u00a0\u00bb alignment=\u00a0\u00bbcenter\u00a0\u00bb onclick=\u00a0\u00bbcustom_link\u00a0\u00bb el_class=\u00a0\u00bbstyle-svg\u00a0\u00bb link=\u00a0\u00bbhttps:\/\/dgsc.ca\/applications\/marine\/\u00a0\u00bb][vc_empty_space height=\u00a0\u00bb11px\u00a0\u00bb][vc_custom_heading text=\u00a0\u00bbMARINE\u00a0\u00bb font_container=\u00a0\u00bbtag:h5|text_align:center|color:%23686868&Prime; use_theme_fonts=\u00a0\u00bbyes\u00a0\u00bb link=\u00a0\u00bburl:https%3A%2F%2Fdgsc.ca%2Ffr%2Fapplications%2Fmarine%2F|title:Marine\u00a0\u00bb][\/vc_column_inner][vc_column_inner width=\u00a0\u00bb1\/6&Prime;][vc_single_image image=\u00a0\u00bb9269&Prime; img_size=\u00a0\u00bbfull\u00a0\u00bb alignment=\u00a0\u00bbcenter\u00a0\u00bb onclick=\u00a0\u00bbcustom_link\u00a0\u00bb link=\u00a0\u00bbhttps:\/\/dgsc.ca\/fr\/applications\/production-energetique\/\u00a0\u00bb el_class=\u00a0\u00bbstyle-svg\u00a0\u00bb][vc_empty_space height=\u00a0\u00bb9px\u00a0\u00bb][vc_custom_heading text=\u00a0\u00bbPRODUCTION \u00c9NERG\u00c9TIQUE \u00c0 DISTANCE\u00a0\u00bb font_container=\u00a0\u00bbtag:h5|text_align:center|color:%23686868&Prime; use_theme_fonts=\u00a0\u00bbyes\u00a0\u00bb link=\u00a0\u00bburl:https%3A%2F%2Fdgsc.ca%2Ffr%2Fapplications%2Fproduction-energetique%2F|title:PRODUCTION%20%C3%89NERG%C3%89TIQUE\u00a0\u00bb][\/vc_column_inner][vc_column_inner width=\u00a0\u00bb1\/6&Prime;][vc_single_image image=\u00a0\u00bb9270&Prime; img_size=\u00a0\u00bbfull\u00a0\u00bb alignment=\u00a0\u00bbcenter\u00a0\u00bb onclick=\u00a0\u00bbcustom_link\u00a0\u00bb el_class=\u00a0\u00bbstyle-svg\u00a0\u00bb link=\u00a0\u00bbhttps:\/\/dgsc.ca\/fr\/applications\/flottes-de-camions\/\u00a0\u00bb][vc_custom_heading text=\u00a0\u00bbFLOTTES DE CAMIONS\u00a0\u00bb font_container=\u00a0\u00bbtag:h5|text_align:center|color:%23686868&Prime; use_theme_fonts=\u00a0\u00bbyes\u00a0\u00bb link=\u00a0\u00bburl:https%3A%2F%2Fdgsc.ca%2Ffr%2Fapplications%2Fflottes-de-camions%2F|title:FLOTTES%20DE%20CAMIONS\u00a0\u00bb][\/vc_column_inner][vc_column_inner width=\u00a0\u00bb1\/6&Prime;][vc_single_image image=\u00a0\u00bb9268&Prime; img_size=\u00a0\u00bbfull\u00a0\u00bb alignment=\u00a0\u00bbcenter\u00a0\u00bb onclick=\u00a0\u00bbcustom_link\u00a0\u00bb link=\u00a0\u00bbhttps:\/\/dgsc.ca\/fr\/applications\/ferroviaire\/\u00a0\u00bb el_class=\u00a0\u00bbstyle-svg\u00a0\u00bb][vc_empty_space height=\u00a0\u00bb5px\u00a0\u00bb][vc_custom_heading text=\u00a0\u00bbFERROVIAIRE\u00a0\u00bb font_container=\u00a0\u00bbtag:h5|text_align:center|color:%23686868&Prime; use_theme_fonts=\u00a0\u00bbyes\u00a0\u00bb link=\u00a0\u00bburl:https%3A%2F%2Fdgsc.ca%2Ffr%2Fapplications%2Fferroviaire%2F|title:FERROVIAIRE\u00a0\u00bb][\/vc_column_inner][vc_column_inner width=\u00a0\u00bb1\/6&Prime;][vc_single_image image=\u00a0\u00bb10488&Prime; img_size=\u00a0\u00bbfull\u00a0\u00bb alignment=\u00a0\u00bbcenter\u00a0\u00bb onclick=\u00a0\u00bbcustom_link\u00a0\u00bb el_class=\u00a0\u00bbstyle-svg\u00a0\u00bb link=\u00a0\u00bbhttps:\/\/dgsc.ca\/fr\/applications\/industrie-agriculture\/\u00a0\u00bb][vc_custom_heading text=\u00a0\u00bbINDUSTRIE \/ AGRICULTURE\u00a0\u00bb font_container=\u00a0\u00bbtag:h5|text_align:center|color:%23686868&Prime; use_theme_fonts=\u00a0\u00bbyes\u00a0\u00bb link=\u00a0\u00bburl:https%3A%2F%2Fdgsc.ca%2Ffr%2Fapplications%2Findustrie-agriculture%2F|title:INDUSTRIE%20%2F%20AGRICULTURE\u00a0\u00bb][\/vc_column_inner][\/vc_row_inner][\/vc_column][\/vc_row][vc_row full_width=\u00a0\u00bbstretch_row\u00a0\u00bb gradient_colors=\u00a0\u00bb%5B%7B%7D%5D\u00a0\u00bb css=\u00a0\u00bb.vc_custom_1666807642441{background-image: url(https:\/\/dgsc.ca\/wp-content\/uploads\/2022\/09\/bg-gray-texture-ok.jpg?id=12767) !important;background-position: center !important;background-repeat: no-repeat !important;background-size: cover !important;}\u00a0\u00bb][vc_column][vc_row_inner][vc_column_inner width=\u00a0\u00bb1\/2&Prime;][vc_single_image image=\u00a0\u00bb9710&Prime; img_size=\u00a0\u00bbfull\u00a0\u00bb][\/vc_column_inner][vc_column_inner width=\u00a0\u00bb1\/2&Prime;][vc_custom_heading text=\u00a0\u00bbPROJET\u00a0\u00bb font_container=\u00a0\u00bbtag:h3|font_size:48|text_align:left|color:%23ffffff|line_height:1.3&Prime; use_theme_fonts=\u00a0\u00bbyes\u00a0\u00bb el_class=\u00a0\u00bbthin\u00a0\u00bb css=\u00a0\u00bb.vc_custom_1506110784782{margin-top: 0px !important;margin-bottom: 0px !important;padding-bottom: 0px !important;}\u00a0\u00bb][vc_empty_space height=\u00a0\u00bb10px\u00a0\u00bb][vc_column_text css=\u00a0\u00bb.vc_custom_1666807708035{padding-bottom: 10px !important;}\u00a0\u00bb]<\/p>\n<h3><strong><span style=\"color: #686868;\">Galileo fournit du biogaz<br \/>\ncomprim\u00e9 \u00e0 partir des<br \/>\neaux us\u00e9es en Norv\u00e8ge<\/span><\/strong><\/h3>\n<p>[\/vc_column_text][vc_empty_space height=\u00a0\u00bb30px\u00a0\u00bb][vc_btn title=\u00a0\u00bbVOIR \u00c9TUDE DE CAS\u00a0\u00bb style=\u00a0\u00bbcustom\u00a0\u00bb custom_background=\u00a0\u00bb#236eae\u00a0\u00bb custom_text=\u00a0\u00bb#ffffff\u00a0\u00bb shape=\u00a0\u00bbround\u00a0\u00bb align=\u00a0\u00bbleft\u00a0\u00bb link=\u00a0\u00bburl:http%3A%2F%2Fdgsc.ca%2Ffr%2Fportfolio%2Fgalileo-supplies-compressed-biogas-from-urban-sewage-sludge-in-norway%2F||target:%20_blank|\u00a0\u00bb][\/vc_column_inner][\/vc_row_inner][\/vc_column][\/vc_row]<\/p>\n<\/div>","protected":false},"excerpt":{"rendered":"<p>[vc_row full_width=\u00a0\u00bbstretch_row\u00a0\u00bb gradient_colors=\u00a0\u00bb%5B%7B%7D%5D\u00a0\u00bb css=\u00a0\u00bb.vc_custom_1666804432019{padding-top: 180px !important;padding-bottom: 180px !important;background-image: url(https:\/\/dgsc.ca\/wp-content\/uploads\/2022\/09\/header-biogas-2.jpg?id=12883) !important;background-position: center !important;background-repeat: no-repeat !important;background-size: cover !important;}\u00a0\u00bb][vc_column][vc_custom_heading text=\u00a0\u00bbCircular Sustainability BIOGAZ\u00a0\u00bb font_container=\u00a0\u00bbtag:h1|text_align:left|color:%23ffffff\u00a0\u00bb use_theme_fonts=\u00a0\u00bbyes\u00a0\u00bb css=\u00a0\u00bb.vc_custom_1666806872480{margin-bottom: 0px !important;}\u00a0\u00bb][vc_empty_space height=\u00a0\u00bb30px\u00a0\u00bb][vc_btn title=\u00a0\u00bbVOIR LA SOLUTION GNL\u00a0\u00bb style=\u00a0\u00bbcustom\u00a0\u00bb custom_background=\u00a0\u00bb#ffffff\u00a0\u00bb custom_text=\u00a0\u00bb#236eae\u00a0\u00bb shape=\u00a0\u00bbround\u00a0\u00bb align=\u00a0\u00bbleft\u00a0\u00bb link=\u00a0\u00bburl:https%3A%2F%2Fdgsc.ca%2Ffr%2Fsolutions-de-carburant-propre%2F%23gnl-solutions\u00a0\u00bb][\/vc_column][\/vc_row][vc_row full_width=\u00a0\u00bbstretch_row\u00a0\u00bb gradient_colors=\u00a0\u00bb%5B%7B%7D%5D\u00a0\u00bb css=\u00a0\u00bb.vc_custom_1666806966967{padding-top: 30px !important;padding-right: 15% !important;padding-bottom: 30px !important;padding-left: 15% !important;}\u00a0\u00bb el_class=\u00a0\u00bbaplication-custom\u00a0\u00bb][vc_column][vc_custom_heading text=\u00a0\u00bbApplications GNL \/ GNC\u00a0\u00bb font_container=\u00a0\u00bbtag:h2|font_size:48|text_align:center|color:%23236eae|line_height:1.3&Prime; use_theme_fonts=\u00a0\u00bbyes\u00a0\u00bb el_class=\u00a0\u00bbthin\u00a0\u00bb css=\u00a0\u00bb.vc_custom_1506110483329{padding-bottom:&hellip;<\/p>\n","protected":false},"author":1,"featured_media":0,"parent":11241,"menu_order":0,"comment_status":"closed","ping_status":"closed","template":"","meta":{"inline_featured_image":false,"footnotes":""},"yst_prominent_words":[660,333,238,264,592,524,1023,650,1024,267,582,262,272,612,661,659,662],"class_list":["post-11221","page","type-page","status-publish","hentry","description-off"],"_links":{"self":[{"href":"https:\/\/dgsc.ca\/fr\/wp-json\/wp\/v2\/pages\/11221","targetHints":{"allow":["GET"]}}],"collection":[{"href":"https:\/\/dgsc.ca\/fr\/wp-json\/wp\/v2\/pages"}],"about":[{"href":"https:\/\/dgsc.ca\/fr\/wp-json\/wp\/v2\/types\/page"}],"author":[{"embeddable":true,"href":"https:\/\/dgsc.ca\/fr\/wp-json\/wp\/v2\/users\/1"}],"replies":[{"embeddable":true,"href":"https:\/\/dgsc.ca\/fr\/wp-json\/wp\/v2\/comments?post=11221"}],"version-history":[{"count":4,"href":"https:\/\/dgsc.ca\/fr\/wp-json\/wp\/v2\/pages\/11221\/revisions"}],"predecessor-version":[{"id":13256,"href":"https:\/\/dgsc.ca\/fr\/wp-json\/wp\/v2\/pages\/11221\/revisions\/13256"}],"up":[{"embeddable":true,"href":"https:\/\/dgsc.ca\/fr\/wp-json\/wp\/v2\/pages\/11241"}],"wp:attachment":[{"href":"https:\/\/dgsc.ca\/fr\/wp-json\/wp\/v2\/media?parent=11221"}],"wp:term":[{"taxonomy":"yst_prominent_words","embeddable":true,"href":"https:\/\/dgsc.ca\/fr\/wp-json\/wp\/v2\/yst_prominent_words?post=11221"}],"curies":[{"name":"wp","href":"https:\/\/api.w.org\/{rel}","templated":true}]}}