{"id":11223,"date":"2017-09-14T01:15:29","date_gmt":"2017-09-14T05:15:29","guid":{"rendered":"http:\/\/dgsc.ca\/?page_id=11223"},"modified":"2022-10-26T22:57:57","modified_gmt":"2022-10-27T02:57:57","slug":"industrie-agriculture","status":"publish","type":"page","link":"https:\/\/dgsc.ca\/fr\/applications\/industrie-agriculture\/","title":{"rendered":"Industrie\/Agriculture"},"content":{"rendered":"<div class=\"wpb-content-wrapper\"><p>[vc_row full_width=\u00a0\u00bbstretch_row\u00a0\u00bb gradient_colors=\u00a0\u00bb%5B%7B%7D%5D\u00a0\u00bb css=\u00a0\u00bb.vc_custom_1666838750357{padding-top: 180px !important;padding-bottom: 180px !important;background-image: url(https:\/\/dgsc.ca\/wp-content\/uploads\/2022\/09\/header-agricultural.jpg?id=13076) !important;background-position: center !important;background-repeat: no-repeat !important;background-size: cover !important;}\u00a0\u00bb][vc_column][vc_custom_heading text=\u00a0\u00bbApplications<br \/>\nINDUSTRIE \/ AGRICULTURE\u00a0\u00bb font_container=\u00a0\u00bbtag:h1|text_align:left|color:%23ffffff\u00a0\u00bb use_theme_fonts=\u00a0\u00bbyes\u00a0\u00bb css=\u00a0\u00bb.vc_custom_1666838780359{margin-bottom: 0px !important;}\u00a0\u00bb][vc_empty_space height=\u00a0\u00bb30px\u00a0\u00bb][vc_btn title=\u00a0\u00bbVOIR LES SOLUTIONS GNL\u00a0\u00bb style=\u00a0\u00bbcustom\u00a0\u00bb custom_background=\u00a0\u00bb#ffffff\u00a0\u00bb custom_text=\u00a0\u00bb#236eae\u00a0\u00bb shape=\u00a0\u00bbround\u00a0\u00bb align=\u00a0\u00bbleft\u00a0\u00bb link=\u00a0\u00bburl:https%3A%2F%2Fdgsc.ca%2Ffr%2Fsolutions-de-carburant-propre%2F%23gnl-solutions\u00a0\u00bb][\/vc_column][\/vc_row][vc_row full_width=\u00a0\u00bbstretch_row\u00a0\u00bb gradient_colors=\u00a0\u00bb%5B%7B%7D%5D\u00a0\u00bb css=\u00a0\u00bb.vc_custom_1666838930875{padding-top: 30px !important;padding-right: 15% !important;padding-bottom: 30px !important;padding-left: 15% !important;}\u00a0\u00bb][vc_column][vc_custom_heading text=\u00a0\u00bbApplications <b>GNL \/ GNC<\/b>\u00a0\u00bb font_container=\u00a0\u00bbtag:h2|text_align:center|color:%23236eae\u00a0\u00bb use_theme_fonts=\u00a0\u00bbyes\u00a0\u00bb css=\u00a0\u00bb.vc_custom_1666838945558{padding-bottom: 30px !important;}\u00a0\u00bb][vc_single_image image=\u00a0\u00bb10488&Prime; img_size=\u00a0\u00bbfull\u00a0\u00bb alignment=\u00a0\u00bbcenter\u00a0\u00bb el_class=\u00a0\u00bbstyle-svg\u00a0\u00bb][vc_empty_space height=\u00a0\u00bb20px\u00a0\u00bb][vc_column_text]<\/p>\n<h3 style=\"text-align: center;\"><span style=\"color: #686868;\">INDUSTRIE \/ AGRICULTURE<\/span><\/h3>\n<p>[\/vc_column_text][vc_empty_space height=\u00a0\u00bb30px\u00a0\u00bb][vc_column_text]<\/p>\n<p style=\"text-align: center;\">Le processus de chauffage est essentiel pour presque tous les proc\u00e9d\u00e9s de fabrication: \u00a0produire de la chaleur pour des applications industrielles comme l&#8217;emballage (moulage et extrusion), le bois d&rsquo;oeuvre (s\u00e9choirs et fours) et la production alimentaire (fours). Le GNL converti sous sa forme gazeuse est une source de carburant de remplacement int\u00e9ressante \u00a0pour les op\u00e9rations utilisant actuellement du propane, du butane ou d&rsquo;autres sources de combustibles fossiles.<\/p>\n<p>&nbsp;<\/p>\n<p style=\"text-align: center;\">Au Canada, en production agricole (ex.: produits laitiers, porc, volaille), la chaleur requise pour les proc\u00e9d\u00e9s et les b\u00e2timents peut repr\u00e9senter un co\u00fbt d&rsquo;exploitation important. Le GNL peut permettre d\u2019importantes r\u00e9ductions d\u2019\u00e9missions et des \u00e9conomies par rapport aux sources de production de chaleur par combustibles fossiles<\/p>\n<p>[\/vc_column_text][vc_empty_space height=\u00a0\u00bb30px\u00a0\u00bb][vc_btn title=\u00a0\u00bbVOIR LES SOLUTIONS GNL\u00a0\u00bb style=\u00a0\u00bbcustom\u00a0\u00bb custom_background=\u00a0\u00bb#236eae\u00a0\u00bb custom_text=\u00a0\u00bb#ffffff\u00a0\u00bb shape=\u00a0\u00bbround\u00a0\u00bb align=\u00a0\u00bbcenter\u00a0\u00bb link=\u00a0\u00bburl:https%3A%2F%2Fdgsc.ca%2Ffr%2Fsolutions-de-carburant-propre%2F%23gnl-solutions\u00a0\u00bb][\/vc_column][\/vc_row][vc_row css=\u00a0\u00bb.vc_custom_1663265580039{margin-top: 60px !important;margin-bottom: 60px !important;}\u00a0\u00bb][vc_column][vc_custom_heading text=\u00a0\u00bbINDUSTRIES QUE NOUS SERVONS\u00a0\u00bb font_container=\u00a0\u00bbtag:h3|text_align:center|color:%23236eae\u00a0\u00bb use_theme_fonts=\u00a0\u00bbyes\u00a0\u00bb][vc_empty_space height=\u00a0\u00bb30px\u00a0\u00bb][vc_row_inner][vc_column_inner width=\u00a0\u00bb1\/5&Prime;][vc_single_image image=\u00a0\u00bb9266&Prime; img_size=\u00a0\u00bbfull\u00a0\u00bb alignment=\u00a0\u00bbcenter\u00a0\u00bb onclick=\u00a0\u00bbcustom_link\u00a0\u00bb el_class=\u00a0\u00bbstyle-svg\u00a0\u00bb link=\u00a0\u00bbhttps:\/\/dgsc.ca\/fr\/applications\/exploitation-miniere\/\u00a0\u00bb][vc_empty_space height=\u00a0\u00bb11px\u00a0\u00bb][vc_custom_heading text=\u00a0\u00bbEXPLOITATION MINI\u00c8RE\u00a0\u00bb font_container=\u00a0\u00bbtag:h5|text_align:center|color:%23686868&Prime; use_theme_fonts=\u00a0\u00bbyes\u00a0\u00bb link=\u00a0\u00bburl:https%3A%2F%2Fdgsc.ca%2Ffr%2Fapplications%2Fexploitation-miniere%2F|title:EXPLOITATION%20MINI%C3%88RE\u00a0\u00bb][\/vc_column_inner][vc_column_inner width=\u00a0\u00bb1\/5&Prime;][vc_single_image image=\u00a0\u00bb9265&Prime; img_size=\u00a0\u00bbfull\u00a0\u00bb alignment=\u00a0\u00bbcenter\u00a0\u00bb onclick=\u00a0\u00bbcustom_link\u00a0\u00bb el_class=\u00a0\u00bbstyle-svg\u00a0\u00bb link=\u00a0\u00bbhttps:\/\/dgsc.ca\/applications\/marine\/\u00a0\u00bb][vc_empty_space height=\u00a0\u00bb11px\u00a0\u00bb][vc_custom_heading text=\u00a0\u00bbMARITIME\u00a0\u00bb font_container=\u00a0\u00bbtag:h5|text_align:center|color:%23686868&Prime; use_theme_fonts=\u00a0\u00bbyes\u00a0\u00bb link=\u00a0\u00bburl:https%3A%2F%2Fdgsc.ca%2Ffr%2Fapplications%2Fmarine%2F|title:MARITIME\u00a0\u00bb][\/vc_column_inner][vc_column_inner width=\u00a0\u00bb1\/5&Prime;][vc_single_image image=\u00a0\u00bb9269&Prime; img_size=\u00a0\u00bbfull\u00a0\u00bb alignment=\u00a0\u00bbcenter\u00a0\u00bb onclick=\u00a0\u00bbcustom_link\u00a0\u00bb link=\u00a0\u00bbhttps:\/\/dgsc.ca\/fr\/applications\/production-energetique\/\u00a0\u00bb el_class=\u00a0\u00bbstyle-svg\u00a0\u00bb][vc_empty_space height=\u00a0\u00bb9px\u00a0\u00bb][vc_custom_heading text=\u00a0\u00bbPRODUCTION \u00c9NERG\u00c9TIQUE \u00c0 DISTANCE\u00a0\u00bb font_container=\u00a0\u00bbtag:h5|text_align:center|color:%23686868&Prime; use_theme_fonts=\u00a0\u00bbyes\u00a0\u00bb link=\u00a0\u00bburl:https%3A%2F%2Fdgsc.ca%2Ffr%2Fapplications%2Fproduction-energetique%2F|title:PRODUCTION%20%C3%89NERG%C3%89TIQUE\u00a0\u00bb][\/vc_column_inner][vc_column_inner width=\u00a0\u00bb1\/5&Prime;][vc_single_image image=\u00a0\u00bb9270&Prime; img_size=\u00a0\u00bbfull\u00a0\u00bb alignment=\u00a0\u00bbcenter\u00a0\u00bb onclick=\u00a0\u00bbcustom_link\u00a0\u00bb el_class=\u00a0\u00bbstyle-svg\u00a0\u00bb link=\u00a0\u00bbhttps:\/\/dgsc.ca\/fr\/applications\/flottes-de-camions\/\u00a0\u00bb][vc_custom_heading text=\u00a0\u00bbFLOTTES DE V\u00c9HICULES LOURDS\u00a0\u00bb font_container=\u00a0\u00bbtag:h5|text_align:center|color:%23686868&Prime; use_theme_fonts=\u00a0\u00bbyes\u00a0\u00bb link=\u00a0\u00bburl:https%3A%2F%2Fdgsc.ca%2Ffr%2Fapplications%2Fflottes-de-camions%2F|title:FLOTTES%20DE%20V%C3%89HICULES%20LOURDS\u00a0\u00bb][\/vc_column_inner][vc_column_inner width=\u00a0\u00bb1\/5&Prime;][vc_single_image image=\u00a0\u00bb9268&Prime; img_size=\u00a0\u00bbfull\u00a0\u00bb alignment=\u00a0\u00bbcenter\u00a0\u00bb onclick=\u00a0\u00bbcustom_link\u00a0\u00bb link=\u00a0\u00bbhttps:\/\/dgsc.ca\/fr\/applications\/ferroviaire\/\u00a0\u00bb el_class=\u00a0\u00bbstyle-svg\u00a0\u00bb][vc_empty_space height=\u00a0\u00bb5px\u00a0\u00bb][vc_custom_heading text=\u00a0\u00bbFERROVIAIRE\u00a0\u00bb font_container=\u00a0\u00bbtag:h5|text_align:center|color:%23686868&Prime; use_theme_fonts=\u00a0\u00bbyes\u00a0\u00bb link=\u00a0\u00bburl:https%3A%2F%2Fdgsc.ca%2Ffr%2Fapplications%2Fferroviaire%2F|title:FERROVIAIRE\u00a0\u00bb][\/vc_column_inner][\/vc_row_inner][\/vc_column][\/vc_row][vc_row full_width=\u00a0\u00bbstretch_row\u00a0\u00bb content_placement=\u00a0\u00bbmiddle\u00a0\u00bb gradient_colors=\u00a0\u00bb%5B%7B%7D%5D\u00a0\u00bb css=\u00a0\u00bb.vc_custom_1666839402865{background-image: url(https:\/\/dgsc.ca\/wp-content\/uploads\/2022\/09\/bg-gray-texture-ok.jpg?id=12767) !important;background-position: center !important;background-repeat: no-repeat !important;background-size: cover !important;}\u00a0\u00bb][vc_column][vc_row_inner content_placement=\u00a0\u00bbmiddle\u00a0\u00bb][vc_column_inner width=\u00a0\u00bb1\/2&Prime;][vc_single_image image=\u00a0\u00bb10479&Prime; img_size=\u00a0\u00bbfull\u00a0\u00bb][\/vc_column_inner][vc_column_inner width=\u00a0\u00bb1\/2&Prime;][vc_custom_heading text=\u00a0\u00bbPROJET\u00a0\u00bb font_container=\u00a0\u00bbtag:h2|text_align:left|color:%23236eae\u00a0\u00bb use_theme_fonts=\u00a0\u00bbyes\u00a0\u00bb css=\u00a0\u00bb.vc_custom_1666839474241{margin-top: 0px !important;margin-bottom: 0px !important;padding-bottom: 0px !important;}\u00a0\u00bb][vc_empty_space height=\u00a0\u00bb10px\u00a0\u00bb][vc_column_text css=\u00a0\u00bb.vc_custom_1666839337201{padding-bottom: 10px !important;}\u00a0\u00bb]<\/p>\n<h3><span style=\"color: #686868;\">Les compresseurs et distributeurs CNG fabriqu\u00e9s par Galileo propulsent la flotte de camions du fabricant de pain Grain Holding<\/span><\/h3>\n<p>[\/vc_column_text][vc_empty_space height=\u00a0\u00bb30px\u00a0\u00bb][vc_btn title=\u00a0\u00bbVOIR \u00c9TUDE DE CAS\u00a0\u00bb style=\u00a0\u00bbcustom\u00a0\u00bb custom_background=\u00a0\u00bb#236eae\u00a0\u00bb custom_text=\u00a0\u00bb#ffffff\u00a0\u00bb shape=\u00a0\u00bbround\u00a0\u00bb align=\u00a0\u00bbleft\u00a0\u00bb el_class=\u00a0\u00bbhover-green\u00a0\u00bb link=\u00a0\u00bburl:http%3A%2F%2Fdgsc.ca%2Ffr%2Fportfolio%2Fgalileo-technologies-cng-compressors-and-dispensers-propel-the-fleet-of-the-bread-manufacturer-grain-holding%2F||target:%20_blank|\u00a0\u00bb][\/vc_column_inner][\/vc_row_inner][\/vc_column][\/vc_row]<\/p>\n<\/div>","protected":false},"excerpt":{"rendered":"<p>[vc_row full_width=\u00a0\u00bbstretch_row\u00a0\u00bb gradient_colors=\u00a0\u00bb%5B%7B%7D%5D\u00a0\u00bb css=\u00a0\u00bb.vc_custom_1666838750357{padding-top: 180px !important;padding-bottom: 180px !important;background-image: url(https:\/\/dgsc.ca\/wp-content\/uploads\/2022\/09\/header-agricultural.jpg?id=13076) !important;background-position: center !important;background-repeat: no-repeat !important;background-size: cover !important;}\u00a0\u00bb][vc_column][vc_custom_heading text=\u00a0\u00bbApplications INDUSTRIE \/ AGRICULTURE\u00a0\u00bb font_container=\u00a0\u00bbtag:h1|text_align:left|color:%23ffffff\u00a0\u00bb use_theme_fonts=\u00a0\u00bbyes\u00a0\u00bb css=\u00a0\u00bb.vc_custom_1666838780359{margin-bottom: 0px !important;}\u00a0\u00bb][vc_empty_space height=\u00a0\u00bb30px\u00a0\u00bb][vc_btn title=\u00a0\u00bbVOIR LES SOLUTIONS GNL\u00a0\u00bb style=\u00a0\u00bbcustom\u00a0\u00bb custom_background=\u00a0\u00bb#ffffff\u00a0\u00bb custom_text=\u00a0\u00bb#236eae\u00a0\u00bb shape=\u00a0\u00bbround\u00a0\u00bb align=\u00a0\u00bbleft\u00a0\u00bb link=\u00a0\u00bburl:https%3A%2F%2Fdgsc.ca%2Ffr%2Fsolutions-de-carburant-propre%2F%23gnl-solutions\u00a0\u00bb][\/vc_column][\/vc_row][vc_row full_width=\u00a0\u00bbstretch_row\u00a0\u00bb gradient_colors=\u00a0\u00bb%5B%7B%7D%5D\u00a0\u00bb css=\u00a0\u00bb.vc_custom_1666838930875{padding-top: 30px !important;padding-right: 15% !important;padding-bottom: 30px !important;padding-left: 15% !important;}\u00a0\u00bb][vc_column][vc_custom_heading text=\u00a0\u00bbApplications GNL \/ GNC\u00a0\u00bb font_container=\u00a0\u00bbtag:h2|text_align:center|color:%23236eae\u00a0\u00bb use_theme_fonts=\u00a0\u00bbyes\u00a0\u00bb css=\u00a0\u00bb.vc_custom_1666838945558{padding-bottom: 30px&hellip;<\/p>\n","protected":false},"author":1,"featured_media":0,"parent":11241,"menu_order":0,"comment_status":"closed","ping_status":"closed","template":"","meta":{"inline_featured_image":false,"footnotes":""},"yst_prominent_words":[669,663,238,592,524,575,529,1025,262,667,268,666,272,668,581,659,665,673,228,664],"class_list":["post-11223","page","type-page","status-publish","hentry","description-off"],"_links":{"self":[{"href":"https:\/\/dgsc.ca\/fr\/wp-json\/wp\/v2\/pages\/11223","targetHints":{"allow":["GET"]}}],"collection":[{"href":"https:\/\/dgsc.ca\/fr\/wp-json\/wp\/v2\/pages"}],"about":[{"href":"https:\/\/dgsc.ca\/fr\/wp-json\/wp\/v2\/types\/page"}],"author":[{"embeddable":true,"href":"https:\/\/dgsc.ca\/fr\/wp-json\/wp\/v2\/users\/1"}],"replies":[{"embeddable":true,"href":"https:\/\/dgsc.ca\/fr\/wp-json\/wp\/v2\/comments?post=11223"}],"version-history":[{"count":4,"href":"https:\/\/dgsc.ca\/fr\/wp-json\/wp\/v2\/pages\/11223\/revisions"}],"predecessor-version":[{"id":13354,"href":"https:\/\/dgsc.ca\/fr\/wp-json\/wp\/v2\/pages\/11223\/revisions\/13354"}],"up":[{"embeddable":true,"href":"https:\/\/dgsc.ca\/fr\/wp-json\/wp\/v2\/pages\/11241"}],"wp:attachment":[{"href":"https:\/\/dgsc.ca\/fr\/wp-json\/wp\/v2\/media?parent=11223"}],"wp:term":[{"taxonomy":"yst_prominent_words","embeddable":true,"href":"https:\/\/dgsc.ca\/fr\/wp-json\/wp\/v2\/yst_prominent_words?post=11223"}],"curies":[{"name":"wp","href":"https:\/\/api.w.org\/{rel}","templated":true}]}}