{"id":11226,"date":"2017-09-14T01:20:23","date_gmt":"2017-09-14T05:20:23","guid":{"rendered":"http:\/\/dgsc.ca\/?page_id=11226"},"modified":"2022-10-26T22:35:03","modified_gmt":"2022-10-27T02:35:03","slug":"ferroviaire","status":"publish","type":"page","link":"https:\/\/dgsc.ca\/fr\/applications\/ferroviaire\/","title":{"rendered":"Ferroviaire"},"content":{"rendered":"<div class=\"wpb-content-wrapper\"><p>[vc_row full_width=\u00a0\u00bbstretch_row\u00a0\u00bb gradient_colors=\u00a0\u00bb%5B%7B%7D%5D\u00a0\u00bb css=\u00a0\u00bb.vc_custom_1666836975092{padding-top: 180px !important;padding-bottom: 180px !important;background-image: url(https:\/\/dgsc.ca\/wp-content\/uploads\/2022\/09\/header-rail.jpg?id=13068) !important;background-position: center !important;background-repeat: no-repeat !important;background-size: cover !important;}\u00a0\u00bb][vc_column][vc_custom_heading text=\u00a0\u00bbApplications<br \/>\nFERROVIAIRES\u00a0\u00bb font_container=\u00a0\u00bbtag:h1|text_align:left|color:%23ffffff\u00a0\u00bb use_theme_fonts=\u00a0\u00bbyes\u00a0\u00bb css=\u00a0\u00bb.vc_custom_1666836903146{margin-bottom: 0px !important;}\u00a0\u00bb][vc_empty_space height=\u00a0\u00bb30px\u00a0\u00bb][vc_btn title=\u00a0\u00bbVOIR LA SOLUTION GNL\u00a0\u00bb style=\u00a0\u00bbcustom\u00a0\u00bb custom_background=\u00a0\u00bb#ffffff\u00a0\u00bb custom_text=\u00a0\u00bb#236eae\u00a0\u00bb shape=\u00a0\u00bbround\u00a0\u00bb align=\u00a0\u00bbleft\u00a0\u00bb link=\u00a0\u00bburl:https%3A%2F%2Fdgsc.ca%2Ffr%2Fsolutions-de-carburant-propre%2F%23gnl-solutions\u00a0\u00bb][\/vc_column][\/vc_row][vc_row full_width=\u00a0\u00bbstretch_row\u00a0\u00bb gradient_colors=\u00a0\u00bb%5B%7B%7D%5D\u00a0\u00bb css=\u00a0\u00bb.vc_custom_1666837020118{padding-top: 30px !important;padding-right: 15% !important;padding-bottom: 30px !important;padding-left: 15% !important;}\u00a0\u00bb el_class=\u00a0\u00bbaplication-custom\u00a0\u00bb][vc_column][vc_custom_heading text=\u00a0\u00bbApplications <b>GNL \/ GNC<\/b>\u00a0\u00bb font_container=\u00a0\u00bbtag:h2|text_align:center|color:%23236eae\u00a0\u00bb use_theme_fonts=\u00a0\u00bbyes\u00a0\u00bb css=\u00a0\u00bb.vc_custom_1666837054393{padding-bottom: 30px !important;}\u00a0\u00bb][vc_single_image image=\u00a0\u00bb9268&Prime; img_size=\u00a0\u00bbfull\u00a0\u00bb alignment=\u00a0\u00bbcenter\u00a0\u00bb el_class=\u00a0\u00bbstyle-svg\u00a0\u00bb][vc_empty_space height=\u00a0\u00bb20px\u00a0\u00bb][vc_column_text]<\/p>\n<h3 style=\"text-align: center;\"><span style=\"color: #686868;\">FERROVIAIRE<\/span><\/h3>\n<p>[\/vc_column_text][vc_empty_space height=\u00a0\u00bb30px\u00a0\u00bb][vc_column_text]<\/p>\n<p style=\"text-align: center;\">Le transport ferroviaire joue un r\u00f4le important dans la cha\u00eene d&rsquo;approvisionnement au Canada, \u00e9tant donn\u00e9 son vaste territoire et la n\u00e9cessit\u00e9 de transporter des marchandises d&rsquo;un oc\u00e9an \u00e0 l&rsquo;autre. En fait, le secteur minier repr\u00e9sente plus de la moiti\u00e9 des biens et des mat\u00e9riaux transport\u00e9s par chemin de fer au Canada. Au cours des derni\u00e8res d\u00e9cennies, les locomotives de fret ferroviaire \u00e9taient aliment\u00e9es par du carburant diesel, mais c\u2019est en train de changer. Les essais d\u2019utilisation de gaz naturel effectu\u00e9s par des constructeurs de locomotives dont EMD et GE, sont un bon indicateur du fait que le GNL est en voie de devenir le carburant principal du transport ferroviaire au 21\u00e8me si\u00e8cle.<\/p>\n<p style=\"text-align: center;\">En fait, le secteur minier repr\u00e9sente plus de la moiti\u00e9 des marchandises transport\u00e9es par chemin de fer au Canada.<\/p>\n<p>[\/vc_column_text][vc_empty_space height=\u00a0\u00bb30px\u00a0\u00bb][vc_btn title=\u00a0\u00bbVOIR LA SOLUTION LNG\u00a0\u00bb style=\u00a0\u00bbcustom\u00a0\u00bb custom_background=\u00a0\u00bb#236eae\u00a0\u00bb custom_text=\u00a0\u00bb#ffffff\u00a0\u00bb shape=\u00a0\u00bbround\u00a0\u00bb align=\u00a0\u00bbcenter\u00a0\u00bb link=\u00a0\u00bburl:https%3A%2F%2Fdgsc.ca%2Ffr%2Fsolutions-de-carburant-propre%2F%23gnl-solutions\u00a0\u00bb][\/vc_column][\/vc_row][vc_row css=\u00a0\u00bb.vc_custom_1663265580039{margin-top: 60px !important;margin-bottom: 60px !important;}\u00a0\u00bb][vc_column][vc_custom_heading text=\u00a0\u00bbINDUSTRIES QUE NOUS SERVONS\u00a0\u00bb font_container=\u00a0\u00bbtag:h3|text_align:center|color:%23236eae\u00a0\u00bb use_theme_fonts=\u00a0\u00bbyes\u00a0\u00bb][vc_empty_space height=\u00a0\u00bb30px\u00a0\u00bb][vc_row_inner][vc_column_inner width=\u00a0\u00bb1\/5&Prime;][vc_single_image image=\u00a0\u00bb9266&Prime; img_size=\u00a0\u00bbfull\u00a0\u00bb alignment=\u00a0\u00bbcenter\u00a0\u00bb onclick=\u00a0\u00bbcustom_link\u00a0\u00bb el_class=\u00a0\u00bbstyle-svg\u00a0\u00bb link=\u00a0\u00bbhttps:\/\/dgsc.ca\/fr\/applications\/exploitation-miniere\/\u00a0\u00bb][vc_empty_space height=\u00a0\u00bb11px\u00a0\u00bb][vc_custom_heading text=\u00a0\u00bbEXPLOITATION MINI\u00c8RE\u00a0\u00bb font_container=\u00a0\u00bbtag:h5|text_align:center|color:%23686868&Prime; use_theme_fonts=\u00a0\u00bbyes\u00a0\u00bb link=\u00a0\u00bburl:https%3A%2F%2Fdgsc.ca%2Ffr%2Fapplications%2Fexploitation-miniere%2F|title:EXPLOITATION%20MINI%C3%88RE\u00a0\u00bb][\/vc_column_inner][vc_column_inner width=\u00a0\u00bb1\/5&Prime;][vc_single_image image=\u00a0\u00bb9265&Prime; img_size=\u00a0\u00bbfull\u00a0\u00bb alignment=\u00a0\u00bbcenter\u00a0\u00bb onclick=\u00a0\u00bbcustom_link\u00a0\u00bb el_class=\u00a0\u00bbstyle-svg\u00a0\u00bb link=\u00a0\u00bbhttps:\/\/dgsc.ca\/applications\/marine\/\u00a0\u00bb][vc_empty_space height=\u00a0\u00bb11px\u00a0\u00bb][vc_custom_heading text=\u00a0\u00bbMARITIME\u00a0\u00bb font_container=\u00a0\u00bbtag:h5|text_align:center|color:%23686868&Prime; use_theme_fonts=\u00a0\u00bbyes\u00a0\u00bb link=\u00a0\u00bburl:https%3A%2F%2Fdgsc.ca%2Ffr%2Fapplications%2Fmarine%2F|title:MARITIME\u00a0\u00bb][\/vc_column_inner][vc_column_inner width=\u00a0\u00bb1\/5&Prime;][vc_single_image image=\u00a0\u00bb9269&Prime; img_size=\u00a0\u00bbfull\u00a0\u00bb alignment=\u00a0\u00bbcenter\u00a0\u00bb onclick=\u00a0\u00bbcustom_link\u00a0\u00bb link=\u00a0\u00bbhttps:\/\/dgsc.ca\/fr\/applications\/production-energetique\/\u00a0\u00bb el_class=\u00a0\u00bbstyle-svg\u00a0\u00bb][vc_empty_space height=\u00a0\u00bb9px\u00a0\u00bb][vc_custom_heading text=\u00a0\u00bbPRODUCTION \u00c9NERG\u00c9TIQUE \u00c0 DISTANCE\u00a0\u00bb font_container=\u00a0\u00bbtag:h5|text_align:center|color:%23686868&Prime; use_theme_fonts=\u00a0\u00bbyes\u00a0\u00bb link=\u00a0\u00bburl:https%3A%2F%2Fdgsc.ca%2Ffr%2Fapplications%2Fproduction-energetique%2F|title:PRODUCTION%20%C3%89NERG%C3%89TIQUE\u00a0\u00bb][\/vc_column_inner][vc_column_inner width=\u00a0\u00bb1\/5&Prime;][vc_single_image image=\u00a0\u00bb9270&Prime; img_size=\u00a0\u00bbfull\u00a0\u00bb alignment=\u00a0\u00bbcenter\u00a0\u00bb onclick=\u00a0\u00bbcustom_link\u00a0\u00bb el_class=\u00a0\u00bbstyle-svg\u00a0\u00bb link=\u00a0\u00bbhttps:\/\/dgsc.ca\/fr\/applications\/flottes-de-camions\/\u00a0\u00bb][vc_custom_heading text=\u00a0\u00bbFLOTTES DE V\u00c9HICULES LOURDS\u00a0\u00bb font_container=\u00a0\u00bbtag:h5|text_align:center|color:%23686868&Prime; use_theme_fonts=\u00a0\u00bbyes\u00a0\u00bb link=\u00a0\u00bburl:https%3A%2F%2Fdgsc.ca%2Ffr%2Fapplications%2Fflottes-de-camions%2F|title:FLOTTES%20DE%20V%C3%89HICULES%20LOURDS\u00a0\u00bb][\/vc_column_inner][vc_column_inner width=\u00a0\u00bb1\/5&Prime;][vc_single_image image=\u00a0\u00bb10488&Prime; img_size=\u00a0\u00bbfull\u00a0\u00bb alignment=\u00a0\u00bbcenter\u00a0\u00bb onclick=\u00a0\u00bbcustom_link\u00a0\u00bb el_class=\u00a0\u00bbstyle-svg\u00a0\u00bb link=\u00a0\u00bbhttps:\/\/dgsc.ca\/fr\/applications\/industrie-agriculture\/\u00a0\u00bb][vc_custom_heading text=\u00a0\u00bbINDUSTRIE \/ AGRICULTURE\u00a0\u00bb font_container=\u00a0\u00bbtag:h5|text_align:center|color:%23686868&Prime; use_theme_fonts=\u00a0\u00bbyes\u00a0\u00bb link=\u00a0\u00bburl:https%3A%2F%2Fdgsc.ca%2Ffr%2Fapplications%2Findustrie-agriculture%2F|title:INDUSTRIE%20%2F%20AGRICULTURE\u00a0\u00bb][\/vc_column_inner][\/vc_row_inner][\/vc_column][\/vc_row][vc_row full_width=\u00a0\u00bbstretch_row\u00a0\u00bb content_placement=\u00a0\u00bbmiddle\u00a0\u00bb gradient_colors=\u00a0\u00bb%5B%7B%7D%5D\u00a0\u00bb css=\u00a0\u00bb.vc_custom_1666837743364{background-image: url(https:\/\/dgsc.ca\/wp-content\/uploads\/2022\/09\/bg-gray-texture-ok.jpg?id=12767) !important;background-position: center !important;background-repeat: no-repeat !important;background-size: cover !important;}\u00a0\u00bb][vc_column][vc_row_inner content_placement=\u00a0\u00bbmiddle\u00a0\u00bb][vc_column_inner width=\u00a0\u00bb1\/2&Prime;][vc_single_image image=\u00a0\u00bb9724&Prime; img_size=\u00a0\u00bbfull\u00a0\u00bb][\/vc_column_inner][vc_column_inner width=\u00a0\u00bb1\/2&Prime;][vc_custom_heading text=\u00a0\u00bb\u00c9TUDE DE CAS\u00a0\u00bb font_container=\u00a0\u00bbtag:h2|text_align:left|color:%23236eae\u00a0\u00bb use_theme_fonts=\u00a0\u00bbyes\u00a0\u00bb css=\u00a0\u00bb.vc_custom_1666837734572{margin-top: 0px !important;margin-bottom: 0px !important;padding-bottom: 0px !important;}\u00a0\u00bb][vc_empty_space height=\u00a0\u00bb10px\u00a0\u00bb][vc_column_text css=\u00a0\u00bb.vc_custom_1666837481996{padding-bottom: 10px !important;}\u00a0\u00bb]<\/p>\n<h3><span style=\"color: #686868;\">800 East Florida Locomotive<\/span><\/h3>\n<p>[\/vc_column_text][vc_empty_space height=\u00a0\u00bb30px\u00a0\u00bb][vc_btn title=\u00a0\u00bbVOIR \u00c9TUDE DE CAS\u00a0\u00bb style=\u00a0\u00bbcustom\u00a0\u00bb custom_background=\u00a0\u00bb#236eae\u00a0\u00bb custom_text=\u00a0\u00bb#ffffff\u00a0\u00bb shape=\u00a0\u00bbround\u00a0\u00bb align=\u00a0\u00bbleft\u00a0\u00bb link=\u00a0\u00bburl:http%3A%2F%2Fdgsc.ca%2Fwp-content%2Fuploads%2F2017%2F08%2FDGSC-Locomotive-Success-Story.pdf||target:%20_blank|\u00a0\u00bb][\/vc_column_inner][\/vc_row_inner][\/vc_column][\/vc_row]<\/p>\n<\/div>","protected":false},"excerpt":{"rendered":"<p>[vc_row full_width=\u00a0\u00bbstretch_row\u00a0\u00bb gradient_colors=\u00a0\u00bb%5B%7B%7D%5D\u00a0\u00bb css=\u00a0\u00bb.vc_custom_1666836975092{padding-top: 180px !important;padding-bottom: 180px !important;background-image: url(https:\/\/dgsc.ca\/wp-content\/uploads\/2022\/09\/header-rail.jpg?id=13068) !important;background-position: center !important;background-repeat: no-repeat !important;background-size: cover !important;}\u00a0\u00bb][vc_column][vc_custom_heading text=\u00a0\u00bbApplications FERROVIAIRES\u00a0\u00bb font_container=\u00a0\u00bbtag:h1|text_align:left|color:%23ffffff\u00a0\u00bb use_theme_fonts=\u00a0\u00bbyes\u00a0\u00bb css=\u00a0\u00bb.vc_custom_1666836903146{margin-bottom: 0px !important;}\u00a0\u00bb][vc_empty_space height=\u00a0\u00bb30px\u00a0\u00bb][vc_btn title=\u00a0\u00bbVOIR LA SOLUTION GNL\u00a0\u00bb style=\u00a0\u00bbcustom\u00a0\u00bb custom_background=\u00a0\u00bb#ffffff\u00a0\u00bb custom_text=\u00a0\u00bb#236eae\u00a0\u00bb shape=\u00a0\u00bbround\u00a0\u00bb align=\u00a0\u00bbleft\u00a0\u00bb link=\u00a0\u00bburl:https%3A%2F%2Fdgsc.ca%2Ffr%2Fsolutions-de-carburant-propre%2F%23gnl-solutions\u00a0\u00bb][\/vc_column][\/vc_row][vc_row full_width=\u00a0\u00bbstretch_row\u00a0\u00bb gradient_colors=\u00a0\u00bb%5B%7B%7D%5D\u00a0\u00bb css=\u00a0\u00bb.vc_custom_1666837020118{padding-top: 30px !important;padding-right: 15% !important;padding-bottom: 30px !important;padding-left: 15% !important;}\u00a0\u00bb el_class=\u00a0\u00bbaplication-custom\u00a0\u00bb][vc_column][vc_custom_heading text=\u00a0\u00bbApplications GNL \/ GNC\u00a0\u00bb font_container=\u00a0\u00bbtag:h2|text_align:center|color:%23236eae\u00a0\u00bb use_theme_fonts=\u00a0\u00bbyes\u00a0\u00bb css=\u00a0\u00bb.vc_custom_1666837054393{padding-bottom: 30px !important;}\u00a0\u00bb][vc_single_image&hellip;<\/p>\n","protected":false},"author":1,"featured_media":0,"parent":11241,"menu_order":0,"comment_status":"closed","ping_status":"closed","template":"","meta":{"inline_featured_image":false,"footnotes":""},"yst_prominent_words":[637,627,638,635,628,619,629,620,630,621,632,623,636,626,634,625,633,624,631,622],"class_list":["post-11226","page","type-page","status-publish","hentry","description-off"],"_links":{"self":[{"href":"https:\/\/dgsc.ca\/fr\/wp-json\/wp\/v2\/pages\/11226","targetHints":{"allow":["GET"]}}],"collection":[{"href":"https:\/\/dgsc.ca\/fr\/wp-json\/wp\/v2\/pages"}],"about":[{"href":"https:\/\/dgsc.ca\/fr\/wp-json\/wp\/v2\/types\/page"}],"author":[{"embeddable":true,"href":"https:\/\/dgsc.ca\/fr\/wp-json\/wp\/v2\/users\/1"}],"replies":[{"embeddable":true,"href":"https:\/\/dgsc.ca\/fr\/wp-json\/wp\/v2\/comments?post=11226"}],"version-history":[{"count":4,"href":"https:\/\/dgsc.ca\/fr\/wp-json\/wp\/v2\/pages\/11226\/revisions"}],"predecessor-version":[{"id":13338,"href":"https:\/\/dgsc.ca\/fr\/wp-json\/wp\/v2\/pages\/11226\/revisions\/13338"}],"up":[{"embeddable":true,"href":"https:\/\/dgsc.ca\/fr\/wp-json\/wp\/v2\/pages\/11241"}],"wp:attachment":[{"href":"https:\/\/dgsc.ca\/fr\/wp-json\/wp\/v2\/media?parent=11226"}],"wp:term":[{"taxonomy":"yst_prominent_words","embeddable":true,"href":"https:\/\/dgsc.ca\/fr\/wp-json\/wp\/v2\/yst_prominent_words?post=11226"}],"curies":[{"name":"wp","href":"https:\/\/api.w.org\/{rel}","templated":true}]}}