{"id":11227,"date":"2017-09-14T01:23:57","date_gmt":"2017-09-14T05:23:57","guid":{"rendered":"http:\/\/dgsc.ca\/?page_id=11227"},"modified":"2022-10-26T22:42:41","modified_gmt":"2022-10-27T02:42:41","slug":"flottes-de-camions","status":"publish","type":"page","link":"https:\/\/dgsc.ca\/fr\/applications\/flottes-de-camions\/","title":{"rendered":"Flottes de v\u00e9hicules lourds"},"content":{"rendered":"<div class=\"wpb-content-wrapper\"><p>[vc_row full_width=\u00a0\u00bbstretch_row\u00a0\u00bb gradient_colors=\u00a0\u00bb%5B%7B%7D%5D\u00a0\u00bb css=\u00a0\u00bb.vc_custom_1666834913329{padding-top: 180px !important;padding-bottom: 180px !important;background-image: url(https:\/\/dgsc.ca\/wp-content\/uploads\/2022\/09\/header-heavy-transportation.jpg?id=13060) !important;background-position: center !important;background-repeat: no-repeat !important;background-size: cover !important;}\u00a0\u00bb][vc_column][vc_custom_heading text=\u00a0\u00bbApplications<br \/>\nFLOTTES DE V\u00c9HICULES LOURDS\u00a0\u00bb font_container=\u00a0\u00bbtag:h1|text_align:left|color:%23ffffff\u00a0\u00bb use_theme_fonts=\u00a0\u00bbyes\u00a0\u00bb css=\u00a0\u00bb.vc_custom_1666834864880{margin-bottom: 0px !important;}\u00a0\u00bb][vc_empty_space height=\u00a0\u00bb30px\u00a0\u00bb][vc_btn title=\u00a0\u00bbVOIR LES SOLUTIONS GNC\u00a0\u00bb style=\u00a0\u00bbcustom\u00a0\u00bb custom_background=\u00a0\u00bb#ffffff\u00a0\u00bb custom_text=\u00a0\u00bb#236eae\u00a0\u00bb shape=\u00a0\u00bbround\u00a0\u00bb align=\u00a0\u00bbleft\u00a0\u00bb link=\u00a0\u00bburl:https%3A%2F%2Fdgsc.ca%2Ffr%2Fsolutions-de-carburant-propre%2F%23gnl-solutions\u00a0\u00bb][\/vc_column][\/vc_row][vc_row full_width=\u00a0\u00bbstretch_row\u00a0\u00bb gradient_colors=\u00a0\u00bb%5B%7B%7D%5D\u00a0\u00bb css=\u00a0\u00bb.vc_custom_1666835310414{padding-top: 30px !important;padding-right: 15% !important;padding-bottom: 30px !important;padding-left: 15% !important;}\u00a0\u00bb el_class=\u00a0\u00bbaplication-custom\u00a0\u00bb][vc_column][vc_custom_heading text=\u00a0\u00bbApplications <b>GNL \/ GNC<\/b>\u00a0\u00bb font_container=\u00a0\u00bbtag:h2|text_align:center|color:%23236eae\u00a0\u00bb use_theme_fonts=\u00a0\u00bbyes\u00a0\u00bb css=\u00a0\u00bb.vc_custom_1666835182611{padding-bottom: 30px !important;}\u00a0\u00bb][vc_single_image image=\u00a0\u00bb9270&Prime; img_size=\u00a0\u00bbfull\u00a0\u00bb alignment=\u00a0\u00bbcenter\u00a0\u00bb el_class=\u00a0\u00bbstyle-svg\u00a0\u00bb][vc_empty_space height=\u00a0\u00bb20px\u00a0\u00bb][vc_column_text]<\/p>\n<h3 style=\"text-align: center;\"><span style=\"color: #686868;\">FLOTTES DE V\u00c9HICULES LOURDS<\/span><\/h3>\n<p>[\/vc_column_text][vc_empty_space height=\u00a0\u00bb30px\u00a0\u00bb][vc_column_text]<\/p>\n<p style=\"text-align: center;\">Les propri\u00e9taires et les exploitants de camions long-courriers au Canada, sp\u00e9cialis\u00e9s en transport de marchandises en vrac ou autres, doivent payer d\u2019importants co\u00fbts de carburant. Souvent, ces camions sont aliment\u00e9s au diesel; les moteurs de camions qui fonctionnent au GNL ou GNC sont rapidement disponibles et offrent une fiabilit\u00e9 et des performances similaires \u00e0 celles des moteurs diesel. En outre, si on les compare aux camions carburant au diesel, les camions fonctionnant au GNL ou aux GNC permettent une r\u00e9duction significative des \u00e9missions et des co\u00fbts.<\/p>\n<p>[\/vc_column_text][vc_empty_space height=\u00a0\u00bb30px\u00a0\u00bb][vc_btn title=\u00a0\u00bbVOIR LES SOLUTIONS GNL\u00a0\u00bb style=\u00a0\u00bbcustom\u00a0\u00bb custom_background=\u00a0\u00bb#236eae\u00a0\u00bb custom_text=\u00a0\u00bb#ffffff\u00a0\u00bb shape=\u00a0\u00bbround\u00a0\u00bb align=\u00a0\u00bbcenter\u00a0\u00bb link=\u00a0\u00bburl:https%3A%2F%2Fdgsc.ca%2Ffr%2Fsolutions-de-carburant-propre%2F%23gnl-solutions\u00a0\u00bb][\/vc_column][\/vc_row][vc_row css=\u00a0\u00bb.vc_custom_1663265580039{margin-top: 60px !important;margin-bottom: 60px !important;}\u00a0\u00bb][vc_column][vc_custom_heading text=\u00a0\u00bbINDUSTRIES QUE NOUS SERVONS\u00a0\u00bb font_container=\u00a0\u00bbtag:h3|text_align:center|color:%23236eae\u00a0\u00bb use_theme_fonts=\u00a0\u00bbyes\u00a0\u00bb][vc_empty_space height=\u00a0\u00bb30px\u00a0\u00bb][vc_row_inner][vc_column_inner width=\u00a0\u00bb1\/5&Prime;][vc_single_image image=\u00a0\u00bb9266&Prime; img_size=\u00a0\u00bbfull\u00a0\u00bb alignment=\u00a0\u00bbcenter\u00a0\u00bb onclick=\u00a0\u00bbcustom_link\u00a0\u00bb el_class=\u00a0\u00bbstyle-svg\u00a0\u00bb link=\u00a0\u00bbhttps:\/\/dgsc.ca\/fr\/applications\/exploitation-miniere\/\u00a0\u00bb][vc_empty_space height=\u00a0\u00bb11px\u00a0\u00bb][vc_custom_heading text=\u00a0\u00bbEXPLOITATION MINI\u00c8RE\u00a0\u00bb font_container=\u00a0\u00bbtag:h5|text_align:center|color:%23686868&Prime; use_theme_fonts=\u00a0\u00bbyes\u00a0\u00bb link=\u00a0\u00bburl:https%3A%2F%2Fdgsc.ca%2Ffr%2Fapplications%2Fexploitation-miniere%2F|title:EXPLOITATION%20MINI%C3%88RE\u00a0\u00bb][\/vc_column_inner][vc_column_inner width=\u00a0\u00bb1\/5&Prime;][vc_single_image image=\u00a0\u00bb9265&Prime; img_size=\u00a0\u00bbfull\u00a0\u00bb alignment=\u00a0\u00bbcenter\u00a0\u00bb onclick=\u00a0\u00bbcustom_link\u00a0\u00bb el_class=\u00a0\u00bbstyle-svg\u00a0\u00bb link=\u00a0\u00bbhttps:\/\/dgsc.ca\/applications\/marine\/\u00a0\u00bb][vc_empty_space height=\u00a0\u00bb11px\u00a0\u00bb][vc_custom_heading text=\u00a0\u00bbMARITIME\u00a0\u00bb font_container=\u00a0\u00bbtag:h5|text_align:center|color:%23686868&Prime; use_theme_fonts=\u00a0\u00bbyes\u00a0\u00bb link=\u00a0\u00bburl:https%3A%2F%2Fdgsc.ca%2Ffr%2Fapplications%2Fmarine%2F|title:MARITIME\u00a0\u00bb][\/vc_column_inner][vc_column_inner width=\u00a0\u00bb1\/5&Prime;][vc_single_image image=\u00a0\u00bb9269&Prime; img_size=\u00a0\u00bbfull\u00a0\u00bb alignment=\u00a0\u00bbcenter\u00a0\u00bb onclick=\u00a0\u00bbcustom_link\u00a0\u00bb link=\u00a0\u00bbhttps:\/\/dgsc.ca\/fr\/applications\/production-energetique\/\u00a0\u00bb el_class=\u00a0\u00bbstyle-svg\u00a0\u00bb][vc_empty_space height=\u00a0\u00bb9px\u00a0\u00bb][vc_custom_heading text=\u00a0\u00bbPRODUCTION \u00c9NERG\u00c9TIQUE \u00c0 DISTANCE\u00a0\u00bb font_container=\u00a0\u00bbtag:h5|text_align:center|color:%23686868&Prime; use_theme_fonts=\u00a0\u00bbyes\u00a0\u00bb link=\u00a0\u00bburl:https%3A%2F%2Fdgsc.ca%2Ffr%2Fapplications%2Fproduction-energetique%2F|title:PRODUCTION%20%C3%89NERG%C3%89TIQUE\u00a0\u00bb][\/vc_column_inner][vc_column_inner width=\u00a0\u00bb1\/5&Prime;][vc_single_image image=\u00a0\u00bb9268&Prime; img_size=\u00a0\u00bbfull\u00a0\u00bb alignment=\u00a0\u00bbcenter\u00a0\u00bb onclick=\u00a0\u00bbcustom_link\u00a0\u00bb link=\u00a0\u00bbhttps:\/\/dgsc.ca\/fr\/applications\/ferroviaire\/\u00a0\u00bb el_class=\u00a0\u00bbstyle-svg\u00a0\u00bb][vc_empty_space height=\u00a0\u00bb5px\u00a0\u00bb][vc_custom_heading text=\u00a0\u00bbFERROVIAIRE\u00a0\u00bb font_container=\u00a0\u00bbtag:h5|text_align:center|color:%23686868&Prime; use_theme_fonts=\u00a0\u00bbyes\u00a0\u00bb link=\u00a0\u00bburl:https%3A%2F%2Fdgsc.ca%2Ffr%2Fapplications%2Fferroviaire%2F|title:FERROVIAIRE\u00a0\u00bb][\/vc_column_inner][vc_column_inner width=\u00a0\u00bb1\/5&Prime;][vc_single_image image=\u00a0\u00bb10488&Prime; img_size=\u00a0\u00bbfull\u00a0\u00bb alignment=\u00a0\u00bbcenter\u00a0\u00bb onclick=\u00a0\u00bbcustom_link\u00a0\u00bb el_class=\u00a0\u00bbstyle-svg\u00a0\u00bb link=\u00a0\u00bbhttps:\/\/dgsc.ca\/fr\/applications\/industrie-agriculture\/\u00a0\u00bb][vc_custom_heading text=\u00a0\u00bbINDUSTRIE \/ AGRICULTURE\u00a0\u00bb font_container=\u00a0\u00bbtag:h5|text_align:center|color:%23686868&Prime; use_theme_fonts=\u00a0\u00bbyes\u00a0\u00bb link=\u00a0\u00bburl:https%3A%2F%2Fdgsc.ca%2Ffr%2Fapplications%2Findustrie-agriculture%2F|title:INDUSTRIE%20%2F%20AGRICULTURE\u00a0\u00bb][\/vc_column_inner][\/vc_row_inner][\/vc_column][\/vc_row][vc_row full_width=\u00a0\u00bbstretch_row_content_no_spaces\u00a0\u00bb ppadding=\u00a0\u00bbvc_row-padding-both\u00a0\u00bb gradient_colors=\u00a0\u00bb%5B%7B%7D%5D\u00a0\u00bb css=\u00a0\u00bb.vc_custom_1666835773728{padding-top: 100px !important;padding-bottom: 100px !important;background-image: url(https:\/\/dgsc.ca\/wp-content\/uploads\/2022\/09\/bg-slider-nature-03-1.jpg?id=12746) !important;background-position: center !important;background-repeat: no-repeat !important;background-size: cover !important;}\u00a0\u00bb el_class=\u00a0\u00bbb-video-overlay\u00a0\u00bb][vc_column]<div id=\"modal-trg-txt-wrap-3185\" class=\"ult-modal-input-wrapper ult-adjust-bottom-margin    \" data-keypress-control=\"keypress-control-enable\" data-overlay-control=\"overlay-control-enable\"><img decoding=\"async\" tabindex=\"0\" src=\"https:\/\/dgsc.ca\/wp-content\/uploads\/2019\/10\/play-button.png\" alt=\"null\" data-class-id=\"content-6a05b7f6d1b5d1-52823089\" class=\"ult-modal-img overlay-show ult-align-center ult-modal-image-\" data-overlay-class=\"overlay-cornerbottomleft\"\/><\/div>\n<div class=\"ult-overlay content-6a05b7f6d1b5d1-52823089 \" data-class=\"content-6a05b7f6d1b5d1-52823089\" id=\"button-click-overlay\" style=\"background:rgba(51,51,51,0.8); display:none;\">\n\t<div class=\"ult_modal ult-fade ult-medium\">\n\t\t<div id=\"ult-modal-wrap-9819\" class=\"ult_modal-content ult-hide\" style=\"border-style:solid;border-width:2px;border-radius:0px;border-color:#333333;\">\n\t\t\t<div  data-ultimate-target='#ult-modal-wrap-9819 .ult_modal-body'  data-responsive-json-new='{\"font-size\":\"\",\"line-height\":\"\"}'  class=\"ult_modal-body ult-responsive ult-html\" style=\"background:#000000;\">\n\t\t\t<iframe loading=\"lazy\" src=\"https:\/\/www.youtube.com\/embed\/mw6DdnzaGM4\" width=\"900\" height=\"506\" frameborder=\"0\" allowfullscreen=\"allowfullscreen\"><\/iframe>\n\t\t\t<\/div>\n\t<\/div>\n\t<\/div>\n\t<div class=\"ult-overlay-close top-right\" style=\"width:80px;height:80px; \"><div class=\"ult-overlay-close-inside\">Close<\/div><\/div>\n<\/div>[vc_column_text]<\/p>\n<h3 style=\"text-align: center;\"><span style=\"color: #ffffff;\">POUR LE TRANSPORT AU CANADA,<br \/>\nCOMMENT LE GAZ NATUREL EST LE CHOIX \u00c9NERG\u00c9TIQUE ?<\/span><\/h3>\n<p>[\/vc_column_text][vc_empty_space height=\u00a0\u00bb30px\u00a0\u00bb][vc_btn title=\u00a0\u00bbVOIR LA VID\u00c9O\u00a0\u00bb style=\u00a0\u00bbcustom\u00a0\u00bb custom_background=\u00a0\u00bb#ffffff\u00a0\u00bb custom_text=\u00a0\u00bb#236eae\u00a0\u00bb shape=\u00a0\u00bbround\u00a0\u00bb align=\u00a0\u00bbcenter\u00a0\u00bb link=\u00a0\u00bburl:https%3A%2F%2Fwww.youtube.com%2Fwatch%3Fv%3Dmw6DdnzaGM4%26feature%3Demb_imp_woyt%26ab_channel%3DCanadianGasAssociation|target:_blank\u00a0\u00bb][\/vc_column][\/vc_row]<\/p>\n<\/div>","protected":false},"excerpt":{"rendered":"<p>[vc_row full_width=\u00a0\u00bbstretch_row\u00a0\u00bb gradient_colors=\u00a0\u00bb%5B%7B%7D%5D\u00a0\u00bb css=\u00a0\u00bb.vc_custom_1666834913329{padding-top: 180px !important;padding-bottom: 180px !important;background-image: url(https:\/\/dgsc.ca\/wp-content\/uploads\/2022\/09\/header-heavy-transportation.jpg?id=13060) !important;background-position: center !important;background-repeat: no-repeat !important;background-size: cover !important;}\u00a0\u00bb][vc_column][vc_custom_heading text=\u00a0\u00bbApplications FLOTTES DE V\u00c9HICULES LOURDS\u00a0\u00bb font_container=\u00a0\u00bbtag:h1|text_align:left|color:%23ffffff\u00a0\u00bb use_theme_fonts=\u00a0\u00bbyes\u00a0\u00bb css=\u00a0\u00bb.vc_custom_1666834864880{margin-bottom: 0px !important;}\u00a0\u00bb][vc_empty_space height=\u00a0\u00bb30px\u00a0\u00bb][vc_btn title=\u00a0\u00bbVOIR LES SOLUTIONS GNC\u00a0\u00bb style=\u00a0\u00bbcustom\u00a0\u00bb custom_background=\u00a0\u00bb#ffffff\u00a0\u00bb custom_text=\u00a0\u00bb#236eae\u00a0\u00bb shape=\u00a0\u00bbround\u00a0\u00bb align=\u00a0\u00bbleft\u00a0\u00bb link=\u00a0\u00bburl:https%3A%2F%2Fdgsc.ca%2Ffr%2Fsolutions-de-carburant-propre%2F%23gnl-solutions\u00a0\u00bb][\/vc_column][\/vc_row][vc_row full_width=\u00a0\u00bbstretch_row\u00a0\u00bb gradient_colors=\u00a0\u00bb%5B%7B%7D%5D\u00a0\u00bb css=\u00a0\u00bb.vc_custom_1666835310414{padding-top: 30px !important;padding-right: 15% !important;padding-bottom: 30px !important;padding-left: 15% !important;}\u00a0\u00bb el_class=\u00a0\u00bbaplication-custom\u00a0\u00bb][vc_column][vc_custom_heading text=\u00a0\u00bbApplications GNL \/ GNC\u00a0\u00bb font_container=\u00a0\u00bbtag:h2|text_align:center|color:%23236eae\u00a0\u00bb use_theme_fonts=\u00a0\u00bbyes\u00a0\u00bb&hellip;<\/p>\n","protected":false},"author":1,"featured_media":0,"parent":11241,"menu_order":0,"comment_status":"closed","ping_status":"closed","template":"","meta":{"inline_featured_image":false,"footnotes":""},"yst_prominent_words":[611,1022,585,607,605,610,245,613,238,606,592,235,267,529,609,608,268,272,612,229],"class_list":["post-11227","page","type-page","status-publish","hentry","description-off"],"_links":{"self":[{"href":"https:\/\/dgsc.ca\/fr\/wp-json\/wp\/v2\/pages\/11227","targetHints":{"allow":["GET"]}}],"collection":[{"href":"https:\/\/dgsc.ca\/fr\/wp-json\/wp\/v2\/pages"}],"about":[{"href":"https:\/\/dgsc.ca\/fr\/wp-json\/wp\/v2\/types\/page"}],"author":[{"embeddable":true,"href":"https:\/\/dgsc.ca\/fr\/wp-json\/wp\/v2\/users\/1"}],"replies":[{"embeddable":true,"href":"https:\/\/dgsc.ca\/fr\/wp-json\/wp\/v2\/comments?post=11227"}],"version-history":[{"count":4,"href":"https:\/\/dgsc.ca\/fr\/wp-json\/wp\/v2\/pages\/11227\/revisions"}],"predecessor-version":[{"id":13342,"href":"https:\/\/dgsc.ca\/fr\/wp-json\/wp\/v2\/pages\/11227\/revisions\/13342"}],"up":[{"embeddable":true,"href":"https:\/\/dgsc.ca\/fr\/wp-json\/wp\/v2\/pages\/11241"}],"wp:attachment":[{"href":"https:\/\/dgsc.ca\/fr\/wp-json\/wp\/v2\/media?parent=11227"}],"wp:term":[{"taxonomy":"yst_prominent_words","embeddable":true,"href":"https:\/\/dgsc.ca\/fr\/wp-json\/wp\/v2\/yst_prominent_words?post=11227"}],"curies":[{"name":"wp","href":"https:\/\/api.w.org\/{rel}","templated":true}]}}