{"id":11238,"date":"2017-09-14T01:29:59","date_gmt":"2017-09-14T05:29:59","guid":{"rendered":"http:\/\/dgsc.ca\/?page_id=11238"},"modified":"2022-10-27T11:16:50","modified_gmt":"2022-10-27T15:16:50","slug":"solutions-de-carburant-propre","status":"publish","type":"page","link":"https:\/\/dgsc.ca\/fr\/solutions-de-carburant-propre\/","title":{"rendered":"Solutions de Carburant Propre"},"content":{"rendered":"<div class=\"wpb-content-wrapper\"><p>[vc_row full_width=\u00a0\u00bbstretch_row\u00a0\u00bb css=\u00a0\u00bb.vc_custom_1666799783355{padding-top: 90px !important;padding-bottom: 120px !important;background-image: url(https:\/\/dgsc.ca\/wp-content\/uploads\/2022\/09\/header-services.jpg?id=12795) !important;background-position: center !important;background-repeat: no-repeat !important;background-size: cover !important;}\u00a0\u00bb][vc_column width=\u00a0\u00bb1\/2&Prime;][vc_custom_heading text=\u00a0\u00bbDGSC offers turnkey supply of CNG or R-CNG for vehicular fueling and for customers with no access to the natural gas pipeline\u00a0\u00bb font_container=\u00a0\u00bbtag:h3|font_size:40px|text_align:left|color:%23ffffff|line_height:1.3&Prime; use_theme_fonts=\u00a0\u00bbyes\u00a0\u00bb css=\u00a0\u00bb.vc_custom_1666799351754{margin-bottom: 10px !important;}\u00a0\u00bb][vc_empty_space height=\u00a0\u00bb40px\u00a0\u00bb][vc_row_inner][vc_column_inner][vc_btn title=\u00a0\u00bbGNL\u00a0\u00bb style=\u00a0\u00bbcustom\u00a0\u00bb custom_background=\u00a0\u00bb#ffffff\u00a0\u00bb custom_text=\u00a0\u00bb#236eae\u00a0\u00bb shape=\u00a0\u00bbround\u00a0\u00bb link=\u00a0\u00bburl:https%3A%2F%2Fdgsc.ca%2Ffr%2Fsolutions-de-carburant-propre%2F%23gnl-solutions\u00a0\u00bb css=\u00a0\u00bb.vc_custom_1666802598464{margin-right: 15px !important;}\u00a0\u00bb][vc_btn title=\u00a0\u00bbGNC\u00a0\u00bb style=\u00a0\u00bbcustom\u00a0\u00bb custom_background=\u00a0\u00bb#ffffff\u00a0\u00bb custom_text=\u00a0\u00bb#236eae\u00a0\u00bb shape=\u00a0\u00bbround\u00a0\u00bb link=\u00a0\u00bburl:https%3A%2F%2Fdgsc.ca%2Ffr%2Fsolutions-de-carburant-propre%2F%23gnc-solutions\u00a0\u00bb css=\u00a0\u00bb.vc_custom_1666802550924{margin-right: 15px !important;}\u00a0\u00bb][vc_btn title=\u00a0\u00bbGNR\u00a0\u00bb style=\u00a0\u00bbcustom\u00a0\u00bb custom_background=\u00a0\u00bb#ffffff\u00a0\u00bb custom_text=\u00a0\u00bb#236eae\u00a0\u00bb shape=\u00a0\u00bbround\u00a0\u00bb link=\u00a0\u00bburl:https%3A%2F%2Fdgsc.ca%2Ffr%2Fsolutions-de-carburant-propre%2F%23gnr-solutions\u00a0\u00bb][\/vc_column_inner][\/vc_row_inner][\/vc_column][vc_column width=\u00a0\u00bb1\/2&Prime;][\/vc_column][\/vc_row][vc_row el_id=\u00a0\u00bbgnc-solutions\u00a0\u00bb css=\u00a0\u00bb.vc_custom_1666800428885{padding-top: 60px !important;padding-bottom: 90px !important;}\u00a0\u00bb][vc_column width=\u00a0\u00bb1\/6&Prime;][\/vc_column][vc_column width=\u00a0\u00bb2\/3&Prime;][vc_single_image image=\u00a0\u00bb12836&Prime; img_size=\u00a0\u00bbfull\u00a0\u00bb alignment=\u00a0\u00bbcenter\u00a0\u00bb][vc_empty_space height=\u00a0\u00bb30px\u00a0\u00bb][vc_custom_heading text=\u00a0\u00bbSolutions d&rsquo;approvisionnement en GNC\u00a0\u00bb font_container=\u00a0\u00bbtag:h2|text_align:center|color:%23236eae|line_height:1.3&Prime; use_theme_fonts=\u00a0\u00bbyes\u00a0\u00bb el_class=\u00a0\u00bbthin\u00a0\u00bb css=\u00a0\u00bb.vc_custom_1505860234373{padding-bottom: 30px !important;}\u00a0\u00bb][vc_column_text]<\/p>\n<p style=\"text-align: center;\">En milieu urbain comme en milieu rural, DGSC offre un approvisionnement cl\u00e9 en main de GNC \u00e0 partir de sources de biogaz, par gazoducs ou puits de gaz, en mettant \u00e0 profit la gamme compl\u00e8te de technologies de compression \u00e9prouv\u00e9es de Galileo et le Virtual Pipeline \u2122.<\/p>\n<p>[\/vc_column_text][\/vc_column][vc_column width=\u00a0\u00bb1\/6&Prime;][\/vc_column][\/vc_row][vc_row gradient_colors=\u00a0\u00bb%5B%7B%7D%5D\u00a0\u00bb][vc_column][vc_custom_heading text=\u00a0\u00bbVIRTUAL PIPELINE<sup>TM<\/sup>\u00a0\u00bb font_container=\u00a0\u00bbtag:h4|text_align:center|color:%23236eae|line_height:1.3&Prime; use_theme_fonts=\u00a0\u00bbyes\u00a0\u00bb el_class=\u00a0\u00bbthin\u00a0\u00bb css=\u00a0\u00bb.vc_custom_1666800461137{padding-bottom: 23px !important;}\u00a0\u00bb][\/vc_column][\/vc_row][vc_row gradient_colors=\u00a0\u00bb%5B%7B%7D%5D\u00a0\u00bb css=\u00a0\u00bb.vc_custom_1504070356827{padding-bottom: 60px !important;}\u00a0\u00bb el_class=\u00a0\u00bbover-img-pipelin\u00a0\u00bb][vc_column width=\u00a0\u00bb1\/3&Prime; gradient_colors=\u00a0\u00bb%5B%7B%7D%5D\u00a0\u00bb][vc_single_image image=\u00a0\u00bb11045&Prime; img_size=\u00a0\u00bbfull\u00a0\u00bb alignment=\u00a0\u00bbcenter\u00a0\u00bb][\/vc_column][vc_column width=\u00a0\u00bb1\/3&Prime;][vc_single_image image=\u00a0\u00bb11043&Prime; img_size=\u00a0\u00bbfull\u00a0\u00bb alignment=\u00a0\u00bbcenter\u00a0\u00bb][\/vc_column][vc_column width=\u00a0\u00bb1\/3&Prime; gradient_colors=\u00a0\u00bb%5B%7B%7D%5D\u00a0\u00bb][vc_single_image image=\u00a0\u00bb11044&Prime; img_size=\u00a0\u00bbfull\u00a0\u00bb alignment=\u00a0\u00bbcenter\u00a0\u00bb][\/vc_column][\/vc_row][vc_row gradient_colors=\u00a0\u00bb%5B%7B%7D%5D\u00a0\u00bb css=\u00a0\u00bb.vc_custom_1666800628376{padding-right: 15% !important;padding-bottom: 60px !important;padding-left: 15% !important;}\u00a0\u00bb][vc_column][vc_column_text]<\/p>\n<p style=\"text-align: center;\">Virtuel Pipeline \u2122 est l\u2018approvisionnement en GNL ou en GNC aux march\u00e9s par transport routier, ferroviaire ou maritime. Le GNL est livr\u00e9 dans des conteneurs ISO et le GNC dans des conteneurs MAT. DGSC s&rsquo;engage \u00e0 mettre en place des syst\u00e8mes de cha\u00eene d&rsquo;approvisionnement fiables, r\u00e9pondant aux normes de s\u00e9curit\u00e9 locales, provinciales et f\u00e9d\u00e9rales.<\/p>\n<p>[\/vc_column_text][vc_empty_space height=\u00a0\u00bb30px\u00a0\u00bb][vc_btn title=\u00a0\u00bbEN SAVOIR PLUS\u00a0\u00bb style=\u00a0\u00bbcustom\u00a0\u00bb custom_background=\u00a0\u00bb#236eae\u00a0\u00bb custom_text=\u00a0\u00bb#ffffff\u00a0\u00bb shape=\u00a0\u00bbround\u00a0\u00bb align=\u00a0\u00bbcenter\u00a0\u00bb link=\u00a0\u00bburl:http%3A%2F%2Fdgsc.ca%2Ffr%2Fpipeline%2F|||\u00a0\u00bb][\/vc_column][\/vc_row][vc_row full_width=\u00a0\u00bbstretch_row_content_no_spaces\u00a0\u00bb ppadding=\u00a0\u00bbvc_row-padding-both\u00a0\u00bb gradient_colors=\u00a0\u00bb%5B%7B%7D%5D\u00a0\u00bb css=\u00a0\u00bb.vc_custom_1666800753971{padding-top: 100px !important;padding-bottom: 150px !important;background-image: url(https:\/\/dgsc.ca\/wp-content\/uploads\/2022\/09\/bg-gray-texture-ok.jpg?id=12767) !important;background-position: center !important;background-repeat: no-repeat !important;background-size: cover !important;}\u00a0\u00bb][vc_column][vc_column_text]<\/p>\n<h3 style=\"text-align: center;\"><span style=\"color: #686868;\">GALILEO TECHNOLOGIES <\/span><\/h3>\n<h3 style=\"text-align: center;\"><span style=\"color: #686868;\">BUQUEBUS EN ARGENTINE &#8211; RAVITAILLEMENT EN GNL<\/span><\/h3>\n<p>[\/vc_column_text][vc_empty_space][vc_btn title=\u00a0\u00bbVOIR LA VID\u00c9O\u00a0\u00bb style=\u00a0\u00bbcustom\u00a0\u00bb custom_background=\u00a0\u00bb#236eae\u00a0\u00bb custom_text=\u00a0\u00bb#ffffff\u00a0\u00bb shape=\u00a0\u00bbround\u00a0\u00bb align=\u00a0\u00bbcenter\u00a0\u00bb css=\u00a0\u00bb.vc_custom_1666800851983{padding-left: 30px !important;}\u00a0\u00bb link=\u00a0\u00bburl:https%3A%2F%2Fwww.youtube.com%2Fwatch%3Fv%3DviimBNAD5Z8||target:%20_blank|\u00a0\u00bb][\/vc_column][\/vc_row][vc_row full_width=\u00a0\u00bbstretch_row\u00a0\u00bb gradient_colors=\u00a0\u00bb%5B%7B%7D%5D\u00a0\u00bb css=\u00a0\u00bb.vc_custom_1666801041581{padding-top: 40px !important;padding-right: 15% !important;padding-bottom: 40px !important;padding-left: 15% !important;background-color: #ffffff !important;}\u00a0\u00bb el_class=\u00a0\u00bbaplication-custom\u00a0\u00bb el_id=\u00a0\u00bbgnl-solutions\u00a0\u00bb][vc_column][vc_row_inner gradient_colors=\u00a0\u00bb%5B%7B%7D%5D\u00a0\u00bb el_class=\u00a0\u00bbsolutions-text-block\u00a0\u00bb][vc_column_inner width=\u00a0\u00bb1\/6&Prime;][\/vc_column_inner][vc_column_inner width=\u00a0\u00bb2\/3&Prime;][vc_empty_space height=\u00a0\u00bb30px\u00a0\u00bb][vc_single_image image=\u00a0\u00bb12841&Prime; img_size=\u00a0\u00bbfull\u00a0\u00bb alignment=\u00a0\u00bbcenter\u00a0\u00bb][vc_empty_space height=\u00a0\u00bb30px\u00a0\u00bb][\/vc_column_inner][vc_column_inner width=\u00a0\u00bb1\/6&Prime;][\/vc_column_inner][\/vc_row_inner][vc_custom_heading text=\u00a0\u00bbSolutions d&rsquo;approvisionnement en GNL\u00a0\u00bb font_container=\u00a0\u00bbtag:h2|text_align:center|color:%23236eae|line_height:1.3&Prime; use_theme_fonts=\u00a0\u00bbyes\u00a0\u00bb el_class=\u00a0\u00bbthin\u00a0\u00bb css=\u00a0\u00bb.vc_custom_1666801268275{padding-bottom: 30px !important;}\u00a0\u00bb][vc_column_text]<\/p>\n<h4 style=\"text-align: center; font-weight: 300 !important; line-height: 1.8; text-transform: initial;\"><span style=\"color: #686868;\">Gr\u00e2ce aux \u00e9quipements brevet\u00e9s et \u00e9prouv\u00e9s Galileo Technologies de liqu\u00e9faction\/compression et au Virtual Pipeline \u2122, DGSC offre un approvisionnement cl\u00e9 en main de GNL et de GNC aux clients qui n\u2019ont pas acc\u00e8s au gaz naturel.<\/span><\/h4>\n<p>[\/vc_column_text][\/vc_column][\/vc_row][vc_row][vc_column width=\u00a0\u00bb1\/6&Prime;][\/vc_column][vc_column width=\u00a0\u00bb2\/3&Prime;][vc_column_text]<\/p>\n<h4>L&rsquo;approvisionnement cl\u00e9 en main de GNL s\u00fbr, fiable et abordable de DGSC comprend:<\/h4>\n<p>[\/vc_column_text][vc_empty_space height=\u00a0\u00bb15px\u00a0\u00bb]<div class=\"standard-arrow list-divider bullet-top\"><ul>\n<li>l&rsquo;approvisionnement en gaz provenant de sources appropri\u00e9es de biogaz, de puits de gaz \u00e9vas\u00e9s ou de gazoducs;<\/li>\n<li>Ing\u00e9nierie \/ Gestion de projet;<\/li>\n<li>Station de production Cryobox Micro LNG;<\/li>\n<li>Op\u00e9ration et entretien;<\/li>\n<li>Livraison de GNL par Virtual Pipeline \u2122;<\/li>\n<li>Financement;<\/li>\n<\/ul>\n<\/div>[\/vc_column][vc_column width=\u00a0\u00bb1\/6&Prime;][\/vc_column][\/vc_row][vc_row][vc_column width=\u00a0\u00bb1\/2&Prime;][vc_single_image image=\u00a0\u00bb9972&Prime; img_size=\u00a0\u00bbfull\u00a0\u00bb alignment=\u00a0\u00bbcenter\u00a0\u00bb][vc_empty_space height=\u00a0\u00bb30px\u00a0\u00bb][vc_custom_heading text=\u00a0\u00bbCRYOBOX\u00a0\u00bb font_container=\u00a0\u00bbtag:h4|text_align:center|color:%23236eae|line_height:1.3&Prime; use_theme_fonts=\u00a0\u00bbyes\u00a0\u00bb el_class=\u00a0\u00bbthin\u00a0\u00bb css=\u00a0\u00bb.vc_custom_1502073434584{padding-bottom: 30px !important;}\u00a0\u00bb][vc_column_text]<\/p>\n<p style=\"text-align: center;\">Qu\u2019il s\u2019agisse d\u2019une entreprise de transport routier, d&rsquo;une entreprise mini\u00e8re, d&rsquo;une industrie en r\u00e9gion \u00e9loign\u00e9e ou d&rsquo;une communaut\u00e9 \u00e9loign\u00e9e d&rsquo;un gazoduc, le GNL produit par la station Cryobox\u00ae Nano peut l\u2019approvisionner en carburant.<\/p>\n<p>[\/vc_column_text][vc_empty_space height=\u00a0\u00bb30px\u00a0\u00bb][vc_btn title=\u00a0\u00bbEN SAVOIR PLUS\u00a0\u00bb style=\u00a0\u00bbcustom\u00a0\u00bb custom_background=\u00a0\u00bb#236eae\u00a0\u00bb custom_text=\u00a0\u00bb#ffffff\u00a0\u00bb shape=\u00a0\u00bbround\u00a0\u00bb align=\u00a0\u00bbcenter\u00a0\u00bb link=\u00a0\u00bburl:http%3A%2F%2Fdgsc.ca%2Ffr%2Fcryobox%2F|||\u00a0\u00bb][\/vc_column][vc_column width=\u00a0\u00bb1\/2&Prime;][vc_single_image image=\u00a0\u00bb9971&Prime; img_size=\u00a0\u00bbfull\u00a0\u00bb alignment=\u00a0\u00bbcenter\u00a0\u00bb][vc_empty_space height=\u00a0\u00bb30px\u00a0\u00bb][vc_custom_heading text=\u00a0\u00bbRAVITAILLEMENT MARITIME EN GNL\u00a0\u00bb font_container=\u00a0\u00bbtag:h4|text_align:center|color:%23236eae|line_height:1.3&Prime; use_theme_fonts=\u00a0\u00bbyes\u00a0\u00bb el_class=\u00a0\u00bbthin\u00a0\u00bb css=\u00a0\u00bb.vc_custom_1505859396396{padding-bottom: 30px !important;}\u00a0\u00bb][vc_column_text]<\/p>\n<p style=\"text-align: center;\">Le ravitaillement maritime de GNL consiste \u00e0 stocker et approvisionner les navires au port en GNL. DGSC a pour double objectif de fournir du carburant GNL aux navires et de transporter du GNL par voie maritime par des conteneurs ISO \u00e0 destination des march\u00e9s des Grands Lacs, de l&rsquo;Est et du Nord du Canada.<\/p>\n<p>[\/vc_column_text][vc_empty_space height=\u00a0\u00bb30px\u00a0\u00bb][vc_btn title=\u00a0\u00bbEN SAVOIR PLUS\u00a0\u00bb style=\u00a0\u00bbcustom\u00a0\u00bb custom_background=\u00a0\u00bb#236eae\u00a0\u00bb custom_text=\u00a0\u00bb#ffffff\u00a0\u00bb shape=\u00a0\u00bbround\u00a0\u00bb align=\u00a0\u00bbcenter\u00a0\u00bb link=\u00a0\u00bburl:http%3A%2F%2Fdgsc.ca%2Ffr%2Faplications%2Fmarine%2F|||\u00a0\u00bb][\/vc_column][\/vc_row][vc_section full_width=\u00a0\u00bbstretch_row\u00a0\u00bb css=\u00a0\u00bb.vc_custom_1666802796925{margin-top: 60px !important;padding-top: 60px !important;padding-bottom: 60px !important;background-color: #f2f2f2 !important;}\u00a0\u00bb el_id=\u00a0\u00bbgnr-solutions\u00a0\u00bb][vc_row][vc_column][vc_custom_heading text=\u00a0\u00bbRNG Supply Solutions\u00a0\u00bb font_container=\u00a0\u00bbtag:h2|text_align:center|color:%23236eae|line_height:1.3&Prime; use_theme_fonts=\u00a0\u00bbyes\u00a0\u00bb el_class=\u00a0\u00bbthin\u00a0\u00bb css=\u00a0\u00bb.vc_custom_1666801967417{padding-bottom: 23px !important;}\u00a0\u00bb][\/vc_column][\/vc_row][vc_row gradient_colors=\u00a0\u00bb%5B%7B%7D%5D\u00a0\u00bb el_class=\u00a0\u00bbover-img-pipelin\u00a0\u00bb][vc_column width=\u00a0\u00bb1\/3&Prime; gradient_colors=\u00a0\u00bb%5B%7B%7D%5D\u00a0\u00bb][vc_single_image image=\u00a0\u00bb11860&Prime; img_size=\u00a0\u00bb539 \u00d7 303&Prime; alignment=\u00a0\u00bbcenter\u00a0\u00bb][\/vc_column][vc_column width=\u00a0\u00bb1\/3&Prime;][vc_single_image image=\u00a0\u00bb11036&Prime; img_size=\u00a0\u00bb539 \u00d7 303&Prime; alignment=\u00a0\u00bbcenter\u00a0\u00bb][\/vc_column][vc_column width=\u00a0\u00bb1\/3&Prime; gradient_colors=\u00a0\u00bb%5B%7B%7D%5D\u00a0\u00bb][vc_single_image image=\u00a0\u00bb11858&Prime; img_size=\u00a0\u00bb539 \u00d7 303&Prime; alignment=\u00a0\u00bbcenter\u00a0\u00bb][\/vc_column][\/vc_row][vc_row css=\u00a0\u00bb.vc_custom_1666802814867{padding-right: 15% !important;padding-left: 15% !important;}\u00a0\u00bb][vc_column][vc_empty_space height=\u00a0\u00bb30px\u00a0\u00bb][vc_column_text]<\/p>\n<p style=\"text-align: center;\">Governments and industry are increasingly considering Renewable Natural Gas (RNG), aka Sustainable Natural Gas (SNG) or biomethane, as a viable clean fuel for High Horsepower applications.<\/p>\n<p style=\"text-align: center;\">DGSC provides turnkey solutions in the treatment of biogas, compression, or liquefaction, storage and delivery of RNG to fuel vehicle fleets, for heating and other applications across Canada.<\/p>\n<p>[\/vc_column_text][vc_empty_space height=\u00a0\u00bb30px\u00a0\u00bb][vc_btn title=\u00a0\u00bbEN SAVOIR PLUS\u00a0\u00bb style=\u00a0\u00bbcustom\u00a0\u00bb custom_background=\u00a0\u00bb#236eae\u00a0\u00bb custom_text=\u00a0\u00bb#ffffff\u00a0\u00bb shape=\u00a0\u00bbround\u00a0\u00bb align=\u00a0\u00bbcenter\u00a0\u00bb link=\u00a0\u00bburl:%23&Prime;][\/vc_column][\/vc_row][\/vc_section]<\/p>\n<\/div>","protected":false},"excerpt":{"rendered":"<p>[vc_row full_width=\u00a0\u00bbstretch_row\u00a0\u00bb css=\u00a0\u00bb.vc_custom_1666799783355{padding-top: 90px !important;padding-bottom: 120px !important;background-image: url(https:\/\/dgsc.ca\/wp-content\/uploads\/2022\/09\/header-services.jpg?id=12795) !important;background-position: center !important;background-repeat: no-repeat !important;background-size: cover !important;}\u00a0\u00bb][vc_column width=\u00a0\u00bb1\/2&Prime;][vc_custom_heading text=\u00a0\u00bbDGSC offers turnkey supply of CNG or R-CNG for vehicular fueling and for customers with no access to the natural gas pipeline\u00a0\u00bb font_container=\u00a0\u00bbtag:h3|font_size:40px|text_align:left|color:%23ffffff|line_height:1.3&Prime; use_theme_fonts=\u00a0\u00bbyes\u00a0\u00bb css=\u00a0\u00bb.vc_custom_1666799351754{margin-bottom: 10px !important;}\u00a0\u00bb][vc_empty_space height=\u00a0\u00bb40px\u00a0\u00bb][vc_row_inner][vc_column_inner][vc_btn title=\u00a0\u00bbGNL\u00a0\u00bb style=\u00a0\u00bbcustom\u00a0\u00bb custom_background=\u00a0\u00bb#ffffff\u00a0\u00bb custom_text=\u00a0\u00bb#236eae\u00a0\u00bb shape=\u00a0\u00bbround\u00a0\u00bb link=\u00a0\u00bburl:https%3A%2F%2Fdgsc.ca%2Ffr%2Fsolutions-de-carburant-propre%2F%23gnl-solutions\u00a0\u00bb css=\u00a0\u00bb.vc_custom_1666802598464{margin-right: 15px !important;}\u00a0\u00bb][vc_btn title=\u00a0\u00bbGNC\u00a0\u00bb style=\u00a0\u00bbcustom\u00a0\u00bb&hellip;<\/p>\n","protected":false},"author":1,"featured_media":0,"parent":0,"menu_order":0,"comment_status":"closed","ping_status":"closed","template":"","meta":{"inline_featured_image":false,"footnotes":""},"yst_prominent_words":[885,887,886,428,890,883,898,888,884,889],"class_list":["post-11238","page","type-page","status-publish","hentry","description-off"],"_links":{"self":[{"href":"https:\/\/dgsc.ca\/fr\/wp-json\/wp\/v2\/pages\/11238","targetHints":{"allow":["GET"]}}],"collection":[{"href":"https:\/\/dgsc.ca\/fr\/wp-json\/wp\/v2\/pages"}],"about":[{"href":"https:\/\/dgsc.ca\/fr\/wp-json\/wp\/v2\/types\/page"}],"author":[{"embeddable":true,"href":"https:\/\/dgsc.ca\/fr\/wp-json\/wp\/v2\/users\/1"}],"replies":[{"embeddable":true,"href":"https:\/\/dgsc.ca\/fr\/wp-json\/wp\/v2\/comments?post=11238"}],"version-history":[{"count":4,"href":"https:\/\/dgsc.ca\/fr\/wp-json\/wp\/v2\/pages\/11238\/revisions"}],"predecessor-version":[{"id":13376,"href":"https:\/\/dgsc.ca\/fr\/wp-json\/wp\/v2\/pages\/11238\/revisions\/13376"}],"wp:attachment":[{"href":"https:\/\/dgsc.ca\/fr\/wp-json\/wp\/v2\/media?parent=11238"}],"wp:term":[{"taxonomy":"yst_prominent_words","embeddable":true,"href":"https:\/\/dgsc.ca\/fr\/wp-json\/wp\/v2\/yst_prominent_words?post=11238"}],"curies":[{"name":"wp","href":"https:\/\/api.w.org\/{rel}","templated":true}]}}