{"id":11241,"date":"2017-09-14T01:34:30","date_gmt":"2017-09-14T05:34:30","guid":{"rendered":"http:\/\/dgsc.ca\/?page_id=11241"},"modified":"2022-10-26T19:32:01","modified_gmt":"2022-10-26T23:32:01","slug":"applications","status":"publish","type":"page","link":"https:\/\/dgsc.ca\/fr\/applications\/","title":{"rendered":"Applications"},"content":{"rendered":"<div class=\"wpb-content-wrapper\"><p>[vc_row full_width=\u00a0\u00bbstretch_row\u00a0\u00bb gradient_colors=\u00a0\u00bb%5B%7B%7D%5D\u00a0\u00bb css=\u00a0\u00bb.vc_custom_1666823160600{padding-top: 180px !important;padding-bottom: 180px !important;background-image: url(https:\/\/dgsc.ca\/wp-content\/uploads\/2022\/09\/header-applications.jpg?id=12973) !important;background-position: center !important;background-repeat: no-repeat !important;background-size: cover !important;}\u00a0\u00bb][vc_column][vc_custom_heading text=\u00a0\u00bbDES SOLUTIONS POUR LES INDUSTRIES<br \/>\nQUI UTILISENT LE GAZ NATUREL\u00a0\u00bb font_container=\u00a0\u00bbtag:h1|text_align:left|color:%23ffffff\u00a0\u00bb use_theme_fonts=\u00a0\u00bbyes\u00a0\u00bb][vc_empty_space height=\u00a0\u00bb30px\u00a0\u00bb][vc_btn title=\u00a0\u00bbGO CLEAN WITH NATURAL GAS\u00a0\u00bb style=\u00a0\u00bbcustom\u00a0\u00bb custom_background=\u00a0\u00bb#ffffff\u00a0\u00bb custom_text=\u00a0\u00bb#236eae\u00a0\u00bb shape=\u00a0\u00bbround\u00a0\u00bb align=\u00a0\u00bbleft\u00a0\u00bb link=\u00a0\u00bburl:https%3A%2F%2Fdgsc.ca%2Ffr%2Fsolutions-de-carburant-propre%2F|title:Solutions%20de%20Carburant%20Propre\u00a0\u00bb][\/vc_column][\/vc_row][vc_row full_width=\u00a0\u00bbstretch_row\u00a0\u00bb gradient_colors=\u00a0\u00bb%5B%7B%7D%5D\u00a0\u00bb css=\u00a0\u00bb.vc_custom_1666824008420{padding-top: 30px !important;padding-bottom: 30px !important;background-image: url(https:\/\/dgsc.ca\/wp-content\/uploads\/2017\/07\/Background_Applications2-1.png?id=9556) !important;background-position: center !important;background-repeat: no-repeat !important;background-size: cover !important;}\u00a0\u00bb][vc_column][vc_custom_heading text=\u00a0\u00bbALLEZ S\u00dbR. FIABLE. RENTABLE\u00a0\u00bb font_container=\u00a0\u00bbtag:h2|text_align:center|color:%23236eae\u00a0\u00bb use_theme_fonts=\u00a0\u00bbyes\u00a0\u00bb css=\u00a0\u00bb.vc_custom_1666823941033{padding-bottom: 30px !important;}\u00a0\u00bb][vc_empty_space height=\u00a0\u00bb20px\u00a0\u00bb][vc_row_inner css=\u00a0\u00bb.vc_custom_1666825792555{padding-bottom: 60px !important;}\u00a0\u00bb][vc_column_inner width=\u00a0\u00bb1\/3&Prime;][vc_single_image image=\u00a0\u00bb9266&Prime; img_size=\u00a0\u00bbfull\u00a0\u00bb onclick=\u00a0\u00bbcustom_link\u00a0\u00bb link=\u00a0\u00bbhttps:\/\/dgsc.ca\/fr\/applications\/exploitation-miniere\/\u00a0\u00bb el_class=\u00a0\u00bbstyle-svg\u00a0\u00bb][vc_column_text]<\/p>\n<h4><span style=\"color: #686868;\"><a style=\"color: #686868;\" href=\"https:\/\/dgsc.ca\/fr\/applications\/exploitation-miniere\/\">EXPLOITATION MINI\u00c8RE<\/a><\/span><\/h4>\n<p>[\/vc_column_text][vc_empty_space height=\u00a0\u00bb27px\u00a0\u00bb][vc_column_text]Pour les mines exploit\u00e9es en zones \u00e9loign\u00e9es ne b\u00e9n\u00e9ficiant pas de services d&rsquo;\u00e9lectricit\u00e9 ou de gaz naturel, tr\u00e8s souvent, les g\u00e9n\u00e9rateurs aliment\u00e9s au diesel produisent l\u2019\u00e9lectricit\u00e9 et le chauffage en p\u00e9riode de pointe et de base. DGSC travaille avec les soci\u00e9t\u00e9s mini\u00e8res pour fournir des solutions d&rsquo;approvisionnement GNL\/GNC personnalis\u00e9es.[\/vc_column_text][vc_empty_space height=\u00a0\u00bb20px\u00a0\u00bb][vc_btn title=\u00a0\u00bbLIRE LA SUITE\u00a0\u00bb style=\u00a0\u00bbcustom\u00a0\u00bb custom_background=\u00a0\u00bb#236eae\u00a0\u00bb custom_text=\u00a0\u00bb#ffffff\u00a0\u00bb shape=\u00a0\u00bbround\u00a0\u00bb align=\u00a0\u00bbleft\u00a0\u00bb link=\u00a0\u00bburl:https%3A%2F%2Fdgsc.ca%2Ffr%2Fapplications%2Fexploitation-miniere%2F\u00a0\u00bb][\/vc_column_inner][vc_column_inner width=\u00a0\u00bb1\/3&Prime;][vc_single_image image=\u00a0\u00bb9265&Prime; img_size=\u00a0\u00bbfull\u00a0\u00bb onclick=\u00a0\u00bbcustom_link\u00a0\u00bb link=\u00a0\u00bbhttps:\/\/dgsc.ca\/fr\/applications\/marine\/\u00a0\u00bb el_class=\u00a0\u00bbstyle-svg\u00a0\u00bb][vc_column_text]<\/p>\n<h4 style=\"text-align: left;\"><span style=\"color: #686868;\"><a style=\"color: #686868;\" href=\"https:\/\/dgsc.ca\/fr\/applications\/marine\/\">MARINE<\/a><\/span><\/h4>\n<p>[\/vc_column_text][vc_empty_space height=\u00a0\u00bb29px\u00a0\u00bb][vc_column_text]Les moteurs \u00e0 double carburant \u00e0 gaz naturel liqu\u00e9fi\u00e9 ont fait leurs preuves et sont de plus en plus d\u00e9ploy\u00e9s dans le monde entier dans les transbordeurs (<i>ferries<\/i>), les \u00a0navires cargo et les bateaux-citernes. Les propri\u00e9taires \/ exploitants de bateaux maritimes peuvent d\u00e9sormais choisir le GNL, un combustible marin viable.[\/vc_column_text][vc_empty_space height=\u00a0\u00bb20px\u00a0\u00bb][vc_btn title=\u00a0\u00bbLIRE LA SUITE\u00a0\u00bb style=\u00a0\u00bbcustom\u00a0\u00bb custom_background=\u00a0\u00bb#236eae\u00a0\u00bb custom_text=\u00a0\u00bb#ffffff\u00a0\u00bb shape=\u00a0\u00bbround\u00a0\u00bb align=\u00a0\u00bbleft\u00a0\u00bb link=\u00a0\u00bburl:https%3A%2F%2Fdgsc.ca%2Ffr%2Fapplications%2Fmarine%2F|title:Marine\u00a0\u00bb][\/vc_column_inner][vc_column_inner width=\u00a0\u00bb1\/3&Prime;][vc_single_image image=\u00a0\u00bb9269&Prime; img_size=\u00a0\u00bbfull\u00a0\u00bb onclick=\u00a0\u00bbcustom_link\u00a0\u00bb link=\u00a0\u00bbhttps:\/\/dgsc.ca\/fr\/applications\/production-energetique\/\u00a0\u00bb el_class=\u00a0\u00bbstyle-svg\u00a0\u00bb][vc_column_text]<\/p>\n<h4 style=\"text-align: left;\"><span style=\"color: #686868;\"><a style=\"color: #686868;\" href=\"https:\/\/dgsc.ca\/fr\/applications\/production-energetique\/\">PRODUCTION \u00c9NERG\u00c9TIQUE HORS R\u00c9SEAU<\/a><\/span><\/h4>\n<p>[\/vc_column_text][vc_column_text]Que l\u2019on g\u00e9n\u00e8re de l\u2019\u00e9nergie par \u00e9lectrog\u00e8ne en r\u00e9gions \u00e9loign\u00e9es \u00e0 l\u2019aide de mazout lourd ou au diesel, DGSC peut assister \u00e0 r\u00e9duire vos co\u00fbts op\u00e9rationnels et votre empreinte environnementale avec la fourniture fiable de GNL \/ GNC \u00e0 long terme.[\/vc_column_text][vc_empty_space height=\u00a0\u00bb20px\u00a0\u00bb][vc_btn title=\u00a0\u00bbLIRE LA SUITE\u00a0\u00bb style=\u00a0\u00bbcustom\u00a0\u00bb custom_background=\u00a0\u00bb#236eae\u00a0\u00bb custom_text=\u00a0\u00bb#ffffff\u00a0\u00bb shape=\u00a0\u00bbround\u00a0\u00bb align=\u00a0\u00bbleft\u00a0\u00bb link=\u00a0\u00bburl:https%3A%2F%2Fdgsc.ca%2Ffr%2Fapplications%2Fproduction-energetique%2F|title:Production%20%C3%A9nerg%C3%A9tique\u00a0\u00bb][\/vc_column_inner][\/vc_row_inner][vc_row_inner][vc_column_inner width=\u00a0\u00bb1\/3&Prime;][vc_single_image image=\u00a0\u00bb9270&Prime; img_size=\u00a0\u00bbfull\u00a0\u00bb onclick=\u00a0\u00bbcustom_link\u00a0\u00bb link=\u00a0\u00bbhttps:\/\/dgsc.ca\/fr\/applications\/flottes-de-camions\/\u00a0\u00bb el_class=\u00a0\u00bbstyle-svg\u00a0\u00bb][vc_column_text]<\/p>\n<h4 style=\"text-align: left;\"><span style=\"color: #686868;\"><a style=\"color: #686868;\" href=\"https:\/\/dgsc.ca\/fr\/applications\/flottes-de-camions\/\">FLOTTES DE CAMIONS<\/a><\/span><\/h4>\n<p>[\/vc_column_text][vc_empty_space height=\u00a0\u00bb18px\u00a0\u00bb][vc_column_text]Les moteurs de camions qui fonctionnent sur GNL ou GNC sont rapidement disponibles et offrent une fiabilit\u00e9 et des performances similaires \u00e0 celles des \u00a0moteurs diesel. En outre, si on les compare aux camions carburant au diesel, les camions \u00a0carburant au GNL ou aux GNC permettent une r\u00e9duction significative des \u00e9missions et des co\u00fbts.[\/vc_column_text][vc_empty_space height=\u00a0\u00bb20px\u00a0\u00bb][vc_btn title=\u00a0\u00bbLIRE LA SUITE\u00a0\u00bb style=\u00a0\u00bbcustom\u00a0\u00bb custom_background=\u00a0\u00bb#236eae\u00a0\u00bb custom_text=\u00a0\u00bb#ffffff\u00a0\u00bb shape=\u00a0\u00bbround\u00a0\u00bb align=\u00a0\u00bbleft\u00a0\u00bb link=\u00a0\u00bburl:https%3A%2F%2Fdgsc.ca%2Ffr%2Fapplications%2Fflottes-de-camions%2F|title:Flottes%20de%20v%C3%A9hicules%20lourds\u00a0\u00bb][\/vc_column_inner][vc_column_inner width=\u00a0\u00bb1\/3&Prime;][vc_single_image image=\u00a0\u00bb9268&Prime; img_size=\u00a0\u00bbfull\u00a0\u00bb onclick=\u00a0\u00bbcustom_link\u00a0\u00bb link=\u00a0\u00bbhttps:\/\/dgsc.ca\/fr\/applications\/ferroviaire\/\u00a0\u00bb el_class=\u00a0\u00bbstyle-svg\u00a0\u00bb][vc_column_text]<\/p>\n<h4 style=\"text-align: left;\"><span style=\"color: #686868;\"><a style=\"color: #686868;\" href=\"https:\/\/dgsc.ca\/fr\/applications\/ferroviaire\/\">FERROVIAIRE<\/a><\/span><\/h4>\n<p>[\/vc_column_text][vc_empty_space height=\u00a0\u00bb20px\u00a0\u00bb][vc_column_text]DGSC peut adapter une solution de production et de cha\u00eene d&rsquo;approvisionnement en GNL pour r\u00e9pondre aux besoins des propri\u00e9taires et op\u00e9rateurs de cargaison de marchandises afin de leur assurer une fourniture de GNL s\u00fbre, fiable et durable.[\/vc_column_text][vc_empty_space height=\u00a0\u00bb20px\u00a0\u00bb][vc_btn title=\u00a0\u00bbLIRE LA SUITE\u00a0\u00bb style=\u00a0\u00bbcustom\u00a0\u00bb custom_background=\u00a0\u00bb#236eae\u00a0\u00bb custom_text=\u00a0\u00bb#ffffff\u00a0\u00bb shape=\u00a0\u00bbround\u00a0\u00bb align=\u00a0\u00bbleft\u00a0\u00bb link=\u00a0\u00bburl:https%3A%2F%2Fdgsc.ca%2Ffr%2Fapplications%2Fferroviaire%2F|title:Ferroviaire\u00a0\u00bb][\/vc_column_inner][vc_column_inner width=\u00a0\u00bb1\/3&Prime;][vc_single_image image=\u00a0\u00bb10488&Prime; img_size=\u00a0\u00bbfull\u00a0\u00bb onclick=\u00a0\u00bbcustom_link\u00a0\u00bb link=\u00a0\u00bbhttps:\/\/dgsc.ca\/fr\/applications\/industrie-agriculture\/\u00a0\u00bb el_class=\u00a0\u00bbstyle-svg\u00a0\u00bb][vc_column_text]<\/p>\n<h4 style=\"text-align: left;\"><span style=\"color: #686868;\"><a style=\"color: #686868;\" href=\"https:\/\/dgsc.ca\/fr\/applications\/industrie-agriculture\/\">INDUSTRIE \/ AGRICULTURE<\/a><\/span><\/h4>\n<p>[\/vc_column_text][vc_empty_space height=\u00a0\u00bb17px\u00a0\u00bb][vc_column_text]Le processus de chauffage est essentiel pour presque tous les proc\u00e9d\u00e9s de fabrication: \u00a0produire de la chaleur pour des applications industrielles comme l&#8217;emballage (moulage et extrusion), le bois d&rsquo;oeuvre (s\u00e9choirs et fours) et la production alimentaire (fours).[\/vc_column_text][vc_empty_space height=\u00a0\u00bb20px\u00a0\u00bb][vc_btn title=\u00a0\u00bbLIRE LA SUITE\u00a0\u00bb style=\u00a0\u00bbcustom\u00a0\u00bb custom_background=\u00a0\u00bb#236eae\u00a0\u00bb custom_text=\u00a0\u00bb#ffffff\u00a0\u00bb shape=\u00a0\u00bbround\u00a0\u00bb align=\u00a0\u00bbleft\u00a0\u00bb link=\u00a0\u00bburl:https%3A%2F%2Fdgsc.ca%2Ffr%2Fapplications%2Findustrie-agriculture%2F|title:Industrie%2FAgriculture\u00a0\u00bb][\/vc_column_inner][\/vc_row_inner][\/vc_column][\/vc_row][vc_row full_width=\u00a0\u00bbstretch_row_content_no_spaces\u00a0\u00bb ppadding=\u00a0\u00bbvc_row-padding-both\u00a0\u00bb gradient_colors=\u00a0\u00bb%5B%7B%7D%5D\u00a0\u00bb css=\u00a0\u00bb.vc_custom_1666826494964{padding-top: 100px !important;padding-bottom: 100px !important;background-image: url(https:\/\/dgsc.ca\/wp-content\/uploads\/2022\/09\/bg-slider-nature-03-1.jpg?id=12746) !important;background-position: center !important;background-repeat: no-repeat !important;background-size: cover !important;}\u00a0\u00bb el_class=\u00a0\u00bbb-video-overlay\u00a0\u00bb][vc_column]<div id=\"modal-trg-txt-wrap-9809\" class=\"ult-modal-input-wrapper ult-adjust-bottom-margin    \" data-keypress-control=\"keypress-control-enable\" data-overlay-control=\"overlay-control-enable\"><img decoding=\"async\" tabindex=\"0\" src=\"https:\/\/dgsc.ca\/wp-content\/uploads\/2019\/10\/play-button.png\" alt=\"null\" data-class-id=\"content-6a05bef02884e1-70431593\" class=\"ult-modal-img overlay-show ult-align-center ult-modal-image-\" data-overlay-class=\"overlay-cornerbottomleft\"\/><\/div>\n<div class=\"ult-overlay content-6a05bef02884e1-70431593 \" data-class=\"content-6a05bef02884e1-70431593\" id=\"button-click-overlay\" style=\"background:rgba(51,51,51,0.8); display:none;\">\n\t<div class=\"ult_modal ult-fade ult-medium\">\n\t\t<div id=\"ult-modal-wrap-8703\" class=\"ult_modal-content ult-hide\" style=\"border-style:solid;border-width:2px;border-radius:0px;border-color:#333333;\">\n\t\t\t<div  data-ultimate-target='#ult-modal-wrap-8703 .ult_modal-body'  data-responsive-json-new='{\"font-size\":\"\",\"line-height\":\"\"}'  class=\"ult_modal-body ult-responsive ult-html\" style=\"background:#000000;\">\n\t\t\t<iframe loading=\"lazy\" src=\"https:\/\/www.youtube.com\/embed\/viimBNAD5Z8\" width=\"900\" height=\"506\" frameborder=\"0\" allowfullscreen=\"allowfullscreen\"><\/iframe>\n\t\t\t<\/div>\n\t<\/div>\n\t<\/div>\n\t<div class=\"ult-overlay-close top-right\" style=\"width:80px;height:80px; \"><div class=\"ult-overlay-close-inside\">Close<\/div><\/div>\n<\/div>[vc_column_text]<\/p>\n<h3 style=\"text-align: center;\"><span style=\"color: #ffffff;\">GALILEO TECHNOLOGIES <\/span><\/h3>\n<h3 style=\"text-align: center;\"><span style=\"color: #ffffff;\">BUQUEBUS EN ARGENTINE &#8211; RAVITAILLEMENT EN GNL<\/span><\/h3>\n<p>[\/vc_column_text][vc_empty_space height=\u00a0\u00bb30px\u00a0\u00bb][vc_btn title=\u00a0\u00bbVID\u00c9O\u00a0\u00bb style=\u00a0\u00bbcustom\u00a0\u00bb custom_background=\u00a0\u00bb#ffffff\u00a0\u00bb custom_text=\u00a0\u00bb#236eae\u00a0\u00bb shape=\u00a0\u00bbround\u00a0\u00bb align=\u00a0\u00bbcenter\u00a0\u00bb css=\u00a0\u00bb.vc_custom_1666826534270{padding-left: 30px !important;}\u00a0\u00bb link=\u00a0\u00bburl:https%3A%2F%2Fwww.youtube.com%2Fwatch%3Fv%3DviimBNAD5Z8%26feature%3Dyoutu.be%26t%3D5||target:%20_blank|\u00a0\u00bb][\/vc_column][\/vc_row]<\/p>\n<\/div>","protected":false},"excerpt":{"rendered":"<p>[vc_row full_width=\u00a0\u00bbstretch_row\u00a0\u00bb gradient_colors=\u00a0\u00bb%5B%7B%7D%5D\u00a0\u00bb css=\u00a0\u00bb.vc_custom_1666823160600{padding-top: 180px !important;padding-bottom: 180px !important;background-image: url(https:\/\/dgsc.ca\/wp-content\/uploads\/2022\/09\/header-applications.jpg?id=12973) !important;background-position: center !important;background-repeat: no-repeat !important;background-size: cover !important;}\u00a0\u00bb][vc_column][vc_custom_heading text=\u00a0\u00bbDES SOLUTIONS POUR LES INDUSTRIES QUI UTILISENT LE GAZ NATUREL\u00a0\u00bb font_container=\u00a0\u00bbtag:h1|text_align:left|color:%23ffffff\u00a0\u00bb use_theme_fonts=\u00a0\u00bbyes\u00a0\u00bb][vc_empty_space height=\u00a0\u00bb30px\u00a0\u00bb][vc_btn title=\u00a0\u00bbGO CLEAN WITH NATURAL GAS\u00a0\u00bb style=\u00a0\u00bbcustom\u00a0\u00bb custom_background=\u00a0\u00bb#ffffff\u00a0\u00bb custom_text=\u00a0\u00bb#236eae\u00a0\u00bb shape=\u00a0\u00bbround\u00a0\u00bb align=\u00a0\u00bbleft\u00a0\u00bb link=\u00a0\u00bburl:https%3A%2F%2Fdgsc.ca%2Ffr%2Fsolutions-de-carburant-propre%2F|title:Solutions%20de%20Carburant%20Propre\u00a0\u00bb][\/vc_column][\/vc_row][vc_row full_width=\u00a0\u00bbstretch_row\u00a0\u00bb gradient_colors=\u00a0\u00bb%5B%7B%7D%5D\u00a0\u00bb css=\u00a0\u00bb.vc_custom_1666824008420{padding-top: 30px !important;padding-bottom: 30px !important;background-image: url(https:\/\/dgsc.ca\/wp-content\/uploads\/2017\/07\/Background_Applications2-1.png?id=9556) !important;background-position: center !important;background-repeat: no-repeat !important;background-size: cover !important;}\u00a0\u00bb][vc_column][vc_custom_heading&hellip;<\/p>\n","protected":false},"author":1,"featured_media":0,"parent":0,"menu_order":0,"comment_status":"closed","ping_status":"closed","template":"","meta":{"inline_featured_image":false,"footnotes":""},"yst_prominent_words":[611,585,646,639,647,606,428,592,641,267,640,261,609,279,617,608,268,644,612,659],"class_list":["post-11241","page","type-page","status-publish","hentry","description-off"],"_links":{"self":[{"href":"https:\/\/dgsc.ca\/fr\/wp-json\/wp\/v2\/pages\/11241","targetHints":{"allow":["GET"]}}],"collection":[{"href":"https:\/\/dgsc.ca\/fr\/wp-json\/wp\/v2\/pages"}],"about":[{"href":"https:\/\/dgsc.ca\/fr\/wp-json\/wp\/v2\/types\/page"}],"author":[{"embeddable":true,"href":"https:\/\/dgsc.ca\/fr\/wp-json\/wp\/v2\/users\/1"}],"replies":[{"embeddable":true,"href":"https:\/\/dgsc.ca\/fr\/wp-json\/wp\/v2\/comments?post=11241"}],"version-history":[{"count":4,"href":"https:\/\/dgsc.ca\/fr\/wp-json\/wp\/v2\/pages\/11241\/revisions"}],"predecessor-version":[{"id":13308,"href":"https:\/\/dgsc.ca\/fr\/wp-json\/wp\/v2\/pages\/11241\/revisions\/13308"}],"wp:attachment":[{"href":"https:\/\/dgsc.ca\/fr\/wp-json\/wp\/v2\/media?parent=11241"}],"wp:term":[{"taxonomy":"yst_prominent_words","embeddable":true,"href":"https:\/\/dgsc.ca\/fr\/wp-json\/wp\/v2\/yst_prominent_words?post=11241"}],"curies":[{"name":"wp","href":"https:\/\/api.w.org\/{rel}","templated":true}]}}