{"id":11254,"date":"2017-09-14T02:11:14","date_gmt":"2017-09-14T06:11:14","guid":{"rendered":"http:\/\/dgsc.ca\/?page_id=11254"},"modified":"2024-08-30T12:13:29","modified_gmt":"2024-08-30T16:13:29","slug":"qui-sommes-nous","status":"publish","type":"page","link":"https:\/\/dgsc.ca\/fr\/qui-sommes-nous\/","title":{"rendered":"Qui sommes-nous"},"content":{"rendered":"<div class=\"wpb-content-wrapper\"><p>[vc_row full_width=\u00a0\u00bbstretch_row\u00a0\u00bb gradient_colors=\u00a0\u00bb%5B%7B%7D%5D\u00a0\u00bb css=\u00a0\u00bb.vc_custom_1666743633583{padding-top: 180px !important;padding-bottom: 180px !important;background-image: url(https:\/\/dgsc.ca\/wp-content\/uploads\/2022\/09\/header-about.jpg?id=13012) !important;background-position: center !important;background-repeat: no-repeat !important;background-size: cover !important;}\u00a0\u00bb][vc_column][vc_custom_heading text=\u00a0\u00bbDES \u00c9CONOMIES D\u00c8S<br \/>\nLE PREMIER LITRE, SANS<br \/>\nINVESTISSEMENT NI RISQUE\u00a0\u00bb font_container=\u00a0\u00bbtag:h1|text_align:left|color:%23ffffff\u00a0\u00bb use_theme_fonts=\u00a0\u00bbyes\u00a0\u00bb][vc_empty_space height=\u00a0\u00bb30px\u00a0\u00bb][vc_btn title=\u00a0\u00bbALLEZ S\u00dbR. FIABLE. RENTABLE\u00a0\u00bb style=\u00a0\u00bbcustom\u00a0\u00bb custom_background=\u00a0\u00bb#236eae\u00a0\u00bb custom_text=\u00a0\u00bb#ffffff\u00a0\u00bb shape=\u00a0\u00bbround\u00a0\u00bb align=\u00a0\u00bbleft\u00a0\u00bb link=\u00a0\u00bburl:https%3A%2F%2Fdgsc.ca%2Ffr%2Fsolutions-de-carburant-propre%2F\u00a0\u00bb][\/vc_column][\/vc_row][vc_row gradient_colors=\u00a0\u00bb%5B%7B%7D%5D\u00a0\u00bb css=\u00a0\u00bb.vc_custom_1666743864528{padding-top: 30px !important;padding-bottom: 30px !important;}\u00a0\u00bb][vc_column width=\u00a0\u00bb1\/2&Prime;][vc_column_text]<\/p>\n<h4><span style=\"color: #686868;\">Solutions de Gaz D\u00e9centralis\u00e9es Canada (DGSC) est une soci\u00e9t\u00e9 innovatrice qui offre des solutions cl\u00e9 en main d&rsquo;approvisionnement en gaz naturel liqu\u00e9fi\u00e9 (GNL) et en gaz naturel comprim\u00e9 (GNC) \u00e0 travers le Canada.<\/span><\/h4>\n<h4><span style=\"color: #686868;\">Nous assurons un approvisionnement en GNL \/ GNC s\u00fbr, fiable et rentable, ce qui r\u00e9duit les co\u00fbts et les \u00e9missions, par rapport aux combustibles fossiles traditionnels.<\/span><\/h4>\n<p>[\/vc_column_text][\/vc_column][vc_column width=\u00a0\u00bb1\/2&Prime;][vc_single_image image=\u00a0\u00bb9561&Prime; img_size=\u00a0\u00bbfull\u00a0\u00bb alignment=\u00a0\u00bbcenter\u00a0\u00bb][\/vc_column][\/vc_row][vc_row full_width=\u00a0\u00bbstretch_row\u00a0\u00bb gradient_colors=\u00a0\u00bb%5B%7B%7D%5D\u00a0\u00bb css=\u00a0\u00bb.vc_custom_1666744248020{padding-top: 30px !important;padding-bottom: 60px !important;background-color: #f6f8f9 !important;}\u00a0\u00bb el_id=\u00a0\u00bbpartenaires\u00a0\u00bb el_class=\u00a0\u00bbabout-section2-custom\u00a0\u00bb][vc_column][vc_row_inner gradient_colors=\u00a0\u00bb%5B%7B%7D%5D\u00a0\u00bb css=\u00a0\u00bb.vc_custom_1502251723987{padding-bottom: 30px !important;}\u00a0\u00bb][vc_column_inner][vc_custom_heading text=\u00a0\u00bbPARTENAIRES\u00a0\u00bb font_container=\u00a0\u00bbtag:h3|text_align:center|color:%23236eae\u00a0\u00bb use_theme_fonts=\u00a0\u00bbyes\u00a0\u00bb][\/vc_column_inner][\/vc_row_inner][vc_empty_space height=\u00a0\u00bb30px\u00a0\u00bb][vc_row_inner gap=\u00a0\u00bb10&Prime; gradient_colors=\u00a0\u00bb%5B%7B%7D%5D\u00a0\u00bb][vc_column_inner el_class=\u00a0\u00bbservices-text1&Prime; width=\u00a0\u00bb1\/3&Prime;][vc_custom_heading text=\u00a0\u00bbENERGAZ CANADA INC\u00a0\u00bb font_container=\u00a0\u00bbtag:h3|text_align:center|color:%23000000&Prime; use_theme_fonts=\u00a0\u00bbyes\u00a0\u00bb css=\u00a0\u00bb\u00a0\u00bb][vc_empty_space height=\u00a0\u00bb30px\u00a0\u00bb][vc_column_text css=\u00a0\u00bb\u00a0\u00bb]<\/p>\n<p style=\"text-align: center;\">Propri\u00e9taire-exploitant d&rsquo;actifs de production d&rsquo;\u00e9lectricit\u00e9 au gaz naturel, d&rsquo;infrastructures et de distribution de GNC et de GNR-L au Qu\u00e9bec et en Ontario. L&rsquo;entreprise est d\u00e9tenue par les co fondateurs et anciens propri\u00e9taires d&rsquo;Hydrom\u00e9ga Services Inc, un producteur ind\u00e9pendant d&rsquo;\u00e9nergie renouvelable fond\u00e9 en 1987 et acquis en 2023.<\/p>\n<p>[\/vc_column_text][vc_empty_space height=\u00a0\u00bb30px\u00a0\u00bb][\/vc_column_inner][vc_column_inner el_class=\u00a0\u00bbservices-text2&Prime; width=\u00a0\u00bb1\/3&Prime;][vc_single_image image=\u00a0\u00bb9566&Prime; img_size=\u00a0\u00bbfull\u00a0\u00bb alignment=\u00a0\u00bbcenter\u00a0\u00bb][vc_empty_space height=\u00a0\u00bb30px\u00a0\u00bb][vc_column_text]<\/p>\n<p style=\"text-align: center;\">Desgagn\u00e9s, dont le si\u00e8ge social est \u00e0 Qu\u00e9bec, est un conglom\u00e9rat qui se sp\u00e9cialise depuis le 19<sup>e<\/sup>\u00a0si\u00e8cle dans le transport maritime de vracs liquides, de marchandises g\u00e9n\u00e9rales, de vracs solides et de passagers. Ses activit\u00e9s s\u2019\u00e9tendent \u00e9galement \u00e0 la r\u00e9paration navale de m\u00eame qu&rsquo;\u00e0 la location et \u00e0 l\u2019op\u00e9ration de machinerie lourde. En sus d\u2019exploiter plusieurs navires affr\u00e9t\u00e9s \u00e0 court terme, Desgagn\u00e9s poss\u00e8de et exploite une flotte de plus de 19 navires, offrant un total de pr\u00e8s de 340\u00a0000 tonnes de port en lourd ou une capacit\u00e9 totale d\u00e9passant les 425\u00a0000 m\u00b3, qui sillonnent le r\u00e9seau Grands Lacs\u00a0&#8211;\u00a0Voie maritime du Saint-Laurent, l\u2019Arctique canadien, les c\u00f4tes est du Canada et des \u00c9tats-Unis ainsi que toutes les mers du globe\u00a0 Cette flotte, dot\u00e9e de technologie de pointe et qui inclut le tout nouveau navire \u00e0 propulsion GNL \u2013 bicarburation N\/C <em>Damia Desgagn\u00e9s<\/em>, se verra bient\u00f4t augment\u00e9e de trois autres navires-citernes \u00e0 propulsion GNL \u2013 bicarburation, pr\u00e9sentement en construction.<\/p>\n<p>[\/vc_column_text][vc_empty_space height=\u00a0\u00bb30px\u00a0\u00bb][vc_btn title=\u00a0\u00bbEN SAVOIR PLUS\u00a0\u00bb style=\u00a0\u00bbcustom\u00a0\u00bb custom_background=\u00a0\u00bb#236eae\u00a0\u00bb custom_text=\u00a0\u00bb#ffffff\u00a0\u00bb shape=\u00a0\u00bbround\u00a0\u00bb align=\u00a0\u00bbcenter\u00a0\u00bb link=\u00a0\u00bburl:http%3A%2F%2Fwww.groupedesgagnes.com%2Ffr%2Fbienvenue%2Fhome.html||target:%20_blank|\u00a0\u00bb][\/vc_column_inner][vc_column_inner el_class=\u00a0\u00bbservices-text2&Prime; width=\u00a0\u00bb1\/3&Prime;][vc_custom_heading text=\u00a0\u00bbGAS FUELING COMPANY CANADA\u00a0\u00bb font_container=\u00a0\u00bbtag:h3|text_align:center|color:%23000000&Prime; use_theme_fonts=\u00a0\u00bbyes\u00a0\u00bb css=\u00a0\u00bb\u00a0\u00bb][vc_empty_space height=\u00a0\u00bb30px\u00a0\u00bb][vc_column_text css=\u00a0\u00bb\u00a0\u00bb]<\/p>\n<p style=\"text-align: center;\">Gas Fueling Company Canada est un groupe d&rsquo;investisseurs qui poss\u00e8de une grande exp\u00e9rience dans le secteur des carburants alternatifs et est d\u00e9termin\u00e9 \u00e0 d\u00e9ployer des infrastructures de compression et liqu\u00e9faction de gaz naturel et GNR pour acc\u00e9l\u00e9rer la transition des produits p\u00e9troliers vers un avenir \u00e9nerg\u00e9tique propre.<\/p>\n<p>[\/vc_column_text][vc_empty_space height=\u00a0\u00bb30px\u00a0\u00bb][\/vc_column_inner][\/vc_row_inner][\/vc_column][\/vc_row][vc_row][vc_column width=\u00a0\u00bb1\/2&Prime;][vc_custom_heading text=\u00a0\u00bbPROJETS\u00a0\u00bb font_container=\u00a0\u00bbtag:h3|text_align:left|color:%23236eae\u00a0\u00bb use_theme_fonts=\u00a0\u00bbyes\u00a0\u00bb][\/vc_column][vc_column width=\u00a0\u00bb1\/2&Prime;][vc_btn title=\u00a0\u00bbVOIR PROJETS\u00a0\u00bb style=\u00a0\u00bbcustom\u00a0\u00bb custom_background=\u00a0\u00bb#236eae\u00a0\u00bb custom_text=\u00a0\u00bb#ffffff\u00a0\u00bb shape=\u00a0\u00bbround\u00a0\u00bb align=\u00a0\u00bbright\u00a0\u00bb link=\u00a0\u00bburl:http%3A%2F%2Fdgsc.ca%2Fprojects%2F|||\u00a0\u00bb][\/vc_column][\/vc_row][vc_row][vc_column][vc_basic_grid post_type=\u00a0\u00bbdt_portfolio\u00a0\u00bb max_items=\u00a0\u00bb3&Prime; item=\u00a0\u00bb13015&Prime; grid_id=\u00a0\u00bbvc_gid:1725034260343-f6559f06-c1fa-4&Prime;][\/vc_column][\/vc_row]<\/p>\n<\/div>","protected":false},"excerpt":{"rendered":"<p>[vc_row full_width=\u00a0\u00bbstretch_row\u00a0\u00bb gradient_colors=\u00a0\u00bb%5B%7B%7D%5D\u00a0\u00bb css=\u00a0\u00bb.vc_custom_1666743633583{padding-top: 180px !important;padding-bottom: 180px !important;background-image: url(https:\/\/dgsc.ca\/wp-content\/uploads\/2022\/09\/header-about.jpg?id=13012) !important;background-position: center !important;background-repeat: no-repeat !important;background-size: cover !important;}\u00a0\u00bb][vc_column][vc_custom_heading text=\u00a0\u00bbDES \u00c9CONOMIES D\u00c8S LE PREMIER LITRE, SANS INVESTISSEMENT NI RISQUE\u00a0\u00bb font_container=\u00a0\u00bbtag:h1|text_align:left|color:%23ffffff\u00a0\u00bb use_theme_fonts=\u00a0\u00bbyes\u00a0\u00bb][vc_empty_space height=\u00a0\u00bb30px\u00a0\u00bb][vc_btn title=\u00a0\u00bbALLEZ S\u00dbR. FIABLE. RENTABLE\u00a0\u00bb style=\u00a0\u00bbcustom\u00a0\u00bb custom_background=\u00a0\u00bb#236eae\u00a0\u00bb custom_text=\u00a0\u00bb#ffffff\u00a0\u00bb shape=\u00a0\u00bbround\u00a0\u00bb align=\u00a0\u00bbleft\u00a0\u00bb link=\u00a0\u00bburl:https%3A%2F%2Fdgsc.ca%2Ffr%2Fsolutions-de-carburant-propre%2F\u00a0\u00bb][\/vc_column][\/vc_row][vc_row gradient_colors=\u00a0\u00bb%5B%7B%7D%5D\u00a0\u00bb css=\u00a0\u00bb.vc_custom_1666743864528{padding-top: 30px !important;padding-bottom: 30px !important;}\u00a0\u00bb][vc_column width=\u00a0\u00bb1\/2&Prime;][vc_column_text] Solutions de Gaz D\u00e9centralis\u00e9es Canada (DGSC) est une soci\u00e9t\u00e9&hellip;<\/p>\n","protected":false},"author":1,"featured_media":0,"parent":0,"menu_order":0,"comment_status":"closed","ping_status":"closed","template":"","meta":{"inline_featured_image":false,"footnotes":""},"yst_prominent_words":[275,271,269,642,277,259,575,261,279,273,268,272,274,270,662],"class_list":["post-11254","page","type-page","status-publish","hentry","description-off"],"_links":{"self":[{"href":"https:\/\/dgsc.ca\/fr\/wp-json\/wp\/v2\/pages\/11254","targetHints":{"allow":["GET"]}}],"collection":[{"href":"https:\/\/dgsc.ca\/fr\/wp-json\/wp\/v2\/pages"}],"about":[{"href":"https:\/\/dgsc.ca\/fr\/wp-json\/wp\/v2\/types\/page"}],"author":[{"embeddable":true,"href":"https:\/\/dgsc.ca\/fr\/wp-json\/wp\/v2\/users\/1"}],"replies":[{"embeddable":true,"href":"https:\/\/dgsc.ca\/fr\/wp-json\/wp\/v2\/comments?post=11254"}],"version-history":[{"count":4,"href":"https:\/\/dgsc.ca\/fr\/wp-json\/wp\/v2\/pages\/11254\/revisions"}],"predecessor-version":[{"id":13437,"href":"https:\/\/dgsc.ca\/fr\/wp-json\/wp\/v2\/pages\/11254\/revisions\/13437"}],"wp:attachment":[{"href":"https:\/\/dgsc.ca\/fr\/wp-json\/wp\/v2\/media?parent=11254"}],"wp:term":[{"taxonomy":"yst_prominent_words","embeddable":true,"href":"https:\/\/dgsc.ca\/fr\/wp-json\/wp\/v2\/yst_prominent_words?post=11254"}],"curies":[{"name":"wp","href":"https:\/\/api.w.org\/{rel}","templated":true}]}}