{"id":11273,"date":"2017-09-14T02:36:17","date_gmt":"2017-09-14T06:36:17","guid":{"rendered":"http:\/\/dgsc.ca\/?page_id=11273"},"modified":"2019-11-01T00:37:43","modified_gmt":"2019-11-01T04:37:43","slug":"cryobox","status":"publish","type":"page","link":"https:\/\/dgsc.ca\/fr\/cryobox\/","title":{"rendered":"Cryobox"},"content":{"rendered":"<div class=\"wpb-content-wrapper\"><p>[vc_row full_width=\u00a0\u00bbstretch_row\u00a0\u00bb gradient_colors=\u00a0\u00bb%5B%7B%7D%5D\u00a0\u00bb css=\u00a0\u00bb.vc_custom_1504900497323{padding-top: 90px !important;padding-bottom: 120px !important;background-image: url(https:\/\/dgsc.ca\/wp-content\/uploads\/2017\/08\/Banner_Criobox-1.jpg?id=11180) !important;background-position: center !important;background-repeat: no-repeat !important;background-size: cover !important;}\u00a0\u00bb el_class=\u00a0\u00bbbanner-services-custom\u00a0\u00bb][vc_column][vc_empty_space height=\u00a0\u00bb40px\u00a0\u00bb][vc_custom_heading text=\u00a0\u00bbTECHNOLOGIE GALILEO\u00a0\u00bb font_container=\u00a0\u00bbtag:h2|font_size:35px|text_align:left|color:%23ffffff\u00a0\u00bb google_fonts=\u00a0\u00bbfont_family:Montserrat%3Aregular%2C700|font_style:400%20regular%3A400%3Anormal\u00a0\u00bb el_class=\u00a0\u00bbtitle-page-custom\u00a0\u00bb css=\u00a0\u00bb.vc_custom_1508444437623{margin-bottom: 0px !important;}\u00a0\u00bb][vc_custom_heading text=\u00a0\u00bbCRYOBOX\u00a0\u00bb font_container=\u00a0\u00bbtag:h2|font_size:50px|text_align:left|color:%23ffffff\u00a0\u00bb google_fonts=\u00a0\u00bbfont_family:Montserrat%3Aregular%2C700|font_style:400%20regular%3A400%3Anormal\u00a0\u00bb el_class=\u00a0\u00bbtitle-page-custom\u00a0\u00bb css=\u00a0\u00bb.vc_custom_1502069068047{margin-bottom: 10px !important;}\u00a0\u00bb][vc_row_inner][vc_column_inner width=\u00a0\u00bb5\/12&Prime;][vc_column_text]<\/p>\n<p style=\"text-align: left;\"><span style=\"color: #ffffff;\">Avec la station Cryobox Micro GNL, \u00e7a marche.<\/span><\/p>\n<p>[\/vc_column_text]<div id=\"modal-trg-txt-wrap-4466\" class=\"ult-modal-input-wrapper ult-adjust-bottom-margin    \" data-keypress-control=\"keypress-control-enable\" data-overlay-control=\"overlay-control-enable\"><span tabindex=\"0\"  data-ultimate-target='#modal-trg-txt-wrap-4466 .mycust'  data-responsive-json-new='{\"font-size\":\"\",\"line-height\":\"\"}'  style=\"color:#ffffff;cursor:pointer; font-weight:bold;\" data-class-id=\"content-6a05bef02886e3-14813732\" class=\"overlay-show ult-responsive mycust ult-align-left\" data-overlay-class=\"overlay-cornerbottomleft\"> VOIR LA VID\u00c9O<\/span><\/div>\n<div class=\"ult-overlay content-6a05bef02886e3-14813732 \" data-class=\"content-6a05bef02886e3-14813732\" id=\"button-click-overlay\" style=\"background:rgba(51,51,51,0.8); display:none;\">\n\t<div class=\"ult_modal ult-fade ult-medium\">\n\t\t<div id=\"ult-modal-wrap-3913\" class=\"ult_modal-content ult-hide\" style=\"border-style:solid;border-width:2px;border-radius:0px;border-color:#333333;\">\n\t\t\t<div  data-ultimate-target='#ult-modal-wrap-3913 .ult_modal-body'  data-responsive-json-new='{\"font-size\":\"\",\"line-height\":\"\"}'  class=\"ult_modal-body ult-responsive ult-html\" style=\"\">\n\t\t\t<iframe loading=\"lazy\" src=\"https:\/\/www.youtube.com\/embed\/zRyEwSNETns\" width=\"900\" height=\"506\" frameborder=\"0\" allowfullscreen=\"allowfullscreen\"><\/iframe>\n\t\t\t<\/div>\n\t<\/div>\n\t<\/div>\n\t<div class=\"ult-overlay-close top-right\" style=\"width:80px;height:80px; \"><div class=\"ult-overlay-close-inside\">Close<\/div><\/div>\n<\/div>[\/vc_column_inner][vc_column_inner width=\u00a0\u00bb7\/12&Prime;][\/vc_column_inner][\/vc_row_inner][\/vc_column][\/vc_row][vc_row full_width=\u00a0\u00bbstretch_row\u00a0\u00bb gradient_colors=\u00a0\u00bb%5B%7B%7D%5D\u00a0\u00bb css=\u00a0\u00bb.vc_custom_1501748302035{padding-top: 60px !important;padding-bottom: 90px !important;}\u00a0\u00bb el_class=\u00a0\u00bbaplication-custom\u00a0\u00bb][vc_column][vc_custom_heading text=\u00a0\u00bbCRYOBOX\u00a0\u00bb font_container=\u00a0\u00bbtag:h2|font_size:40|text_align:center|color:%23236eae|line_height:1.3&Prime; use_theme_fonts=\u00a0\u00bbyes\u00a0\u00bb el_class=\u00a0\u00bbthin\u00a0\u00bb css=\u00a0\u00bb.vc_custom_1502069086582{padding-bottom: 30px !important;}\u00a0\u00bb][vc_row_inner gradient_colors=\u00a0\u00bb%5B%7B%7D%5D\u00a0\u00bb el_class=\u00a0\u00bbsolutions-text-block\u00a0\u00bb][vc_column_inner width=\u00a0\u00bb1\/12&Prime;][\/vc_column_inner][vc_column_inner width=\u00a0\u00bb5\/6&Prime;][vc_column_text]<\/p>\n<h4 style=\"text-align: center; font-weight: 300 !important; line-height: 1.8; text-transform: initial; color: #686868;\">La technologie de production Cryobox\u00ae Micro LNG repr\u00e9sente un changement radical par rapport aux grandes installations de GNL, lesquelles n\u00e9cessitent d\u2019importants investissements.<\/h4>\n<h4 style=\"text-align: center; font-weight: 300 !important; line-height: 1.8; text-transform: initial; color: #686868;\">La conception, la mobilit\u00e9 et l&rsquo;\u00e9volutivit\u00e9 modulaires du Cryobox permettent la production \u00e0 petite \u00e9chelle de GNL pour correspondre \u00e0 la demande initiale, avec une augmentation graduelle de la production \u00e0 mesure que la demande augmente avec le temps.<\/h4>\n<h4 style=\"text-align: center; font-weight: 300 !important; line-height: 1.8; text-transform: initial; color: #686868;\">Quelle que soit votre type d\u2019industrie: transport par poids lourds, entreprise mini\u00e8re, industrie situ\u00e9e en r\u00e9gion \u00e9loign\u00e9e ou communaut\u00e9 \u00e9loign\u00e9e d&rsquo;un gazoduc, le GNL produit par la station Cryobox\u00ae Nano peut vous approvisionner en carburant. Ni les limites technologiques ni les exigences importantes en mati\u00e8re de capital d&rsquo;investissement ne vous emp\u00eacheront d&rsquo;utiliser du GNL \u00e0 faible \u00e9mission de CO2 \u00e0 la place du diesel ou du mazout. Cryobox vous permettra de devenir votre propre producteur de GNL, tout en respectant toutes les exigences environnementales, m\u00eame pour la production et le stockage du carburant.<\/h4>\n<p>[\/vc_column_text][\/vc_column_inner][vc_column_inner width=\u00a0\u00bb1\/12&Prime;][\/vc_column_inner][\/vc_row_inner][\/vc_column][\/vc_row][vc_row full_width=\u00a0\u00bbstretch_row_content_no_spaces\u00a0\u00bb gradient_colors=\u00a0\u00bb%5B%7B%7D%5D\u00a0\u00bb el_class=\u00a0\u00bbfull-images\u00a0\u00bb][vc_column width=\u00a0\u00bb1\/6&Prime;][vc_single_image image=\u00a0\u00bb9925&Prime; img_size=\u00a0\u00bbfull\u00a0\u00bb alignment=\u00a0\u00bbcenter\u00a0\u00bb onclick=\u00a0\u00bblink_image\u00a0\u00bb css_animation=\u00a0\u00bbnone\u00a0\u00bb][\/vc_column][vc_column width=\u00a0\u00bb1\/6&Prime;][vc_single_image image=\u00a0\u00bb9927&Prime; img_size=\u00a0\u00bbfull\u00a0\u00bb alignment=\u00a0\u00bbcenter\u00a0\u00bb onclick=\u00a0\u00bblink_image\u00a0\u00bb][\/vc_column][vc_column width=\u00a0\u00bb1\/6&Prime;][vc_single_image image=\u00a0\u00bb9928&Prime; img_size=\u00a0\u00bbfull\u00a0\u00bb alignment=\u00a0\u00bbcenter\u00a0\u00bb onclick=\u00a0\u00bblink_image\u00a0\u00bb][\/vc_column][vc_column width=\u00a0\u00bb1\/6&Prime;][vc_single_image image=\u00a0\u00bb9926&Prime; img_size=\u00a0\u00bbfull\u00a0\u00bb alignment=\u00a0\u00bbcenter\u00a0\u00bb onclick=\u00a0\u00bblink_image\u00a0\u00bb][\/vc_column][vc_column width=\u00a0\u00bb1\/6&Prime;][vc_single_image image=\u00a0\u00bb11040&Prime; img_size=\u00a0\u00bbfull\u00a0\u00bb alignment=\u00a0\u00bbcenter\u00a0\u00bb onclick=\u00a0\u00bblink_image\u00a0\u00bb][\/vc_column][vc_column width=\u00a0\u00bb1\/6&Prime;][vc_single_image image=\u00a0\u00bb11041&Prime; img_size=\u00a0\u00bbfull\u00a0\u00bb alignment=\u00a0\u00bbcenter\u00a0\u00bb onclick=\u00a0\u00bblink_image\u00a0\u00bb][\/vc_column][\/vc_row][vc_row full_width=\u00a0\u00bbstretch_row\u00a0\u00bb gradient_colors=\u00a0\u00bb%5B%7B%7D%5D\u00a0\u00bb css=\u00a0\u00bb.vc_custom_1501830804751{padding-top: 60px !important;padding-bottom: 90px !important;}\u00a0\u00bb el_class=\u00a0\u00bbaplication-custom solutions-text-block\u00a0\u00bb][vc_column][vc_row_inner][vc_column_inner width=\u00a0\u00bb1\/2&Prime;][vc_custom_heading text=\u00a0\u00bbMODULAIRE, MOBILE ET \u00c9VOLUTIVE QUI A FAIT SES PREUVES SUR LE TERRAIN\u00a0\u00bb font_container=\u00a0\u00bbtag:h3|font_size:48|text_align:left|color:%23236eae|line_height:1.3&Prime; use_theme_fonts=\u00a0\u00bbyes\u00a0\u00bb el_class=\u00a0\u00bbthin\u00a0\u00bb css=\u00a0\u00bb.vc_custom_1510617162441{padding-bottom: 30px !important;}\u00a0\u00bb][vc_empty_space height=\u00a0\u00bb30px\u00a0\u00bb][vc_btn title=\u00a0\u00bbT\u00c9L\u00c9CHARGER LA BROCHURE\u00a0\u00bb style=\u00a0\u00bbcustom\u00a0\u00bb custom_background=\u00a0\u00bb#85b83f\u00a0\u00bb custom_text=\u00a0\u00bb#ffffff\u00a0\u00bb shape=\u00a0\u00bbsquare\u00a0\u00bb align=\u00a0\u00bbleft\u00a0\u00bb link=\u00a0\u00bburl:http%3A%2F%2Fdgsc.ca%2Fwp-content%2Fuploads%2F2017%2F08%2Fcatalogue-2015.pdf||target:%20_blank|\u00a0\u00bb el_class=\u00a0\u00bbdownload-brochure\u00a0\u00bb][\/vc_column_inner][vc_column_inner width=\u00a0\u00bb1\/2&Prime;][vc_column_text]<\/p>\n<p style=\"text-align: left;\">Cryobox\u00ae ne fait pas que transformer le GNL en une source de carburant propre, disponible et \u00e9conomique: elle a bien d\u2019autres d&rsquo;avantages. Compar\u00e9 \u00e0 tout autre substitut au diesel, le GNL a une densit\u00e9 \u00e9nerg\u00e9tique sup\u00e9rieure, ce qui signifie qu&rsquo;un r\u00e9servoir de carburant vous m\u00e8nera bien plus loin. Le GNL est le meilleur carburant et le plus propre pour les transports lourds longue distance comme les poids lourds, les autobus, les bateaux, barges, ferries et locomotives lorsqu\u2019on doit parcourir de longues distances et que les possibilit\u00e9s de ravitaillement sont rares. Cryobox\u00ae a une capacit\u00e9 de production ajustable allant jusqu&rsquo;\u00e0 38 000 L de GNL par jour.<\/p>\n<p>&nbsp;<\/p>\n<p style=\"text-align: left;\">Le cycle thermodynamique \u00e0 haute pression du Cryobox convertit le gaz naturel \u00e0 l&rsquo;\u00e9tat liquide \u00e0 une temp\u00e9rature d\u2019environ -160 \u00b0 C. Ce processus de compression \u00e0 plusieurs \u00e9tapes comprend un syst\u00e8me de r\u00e9cup\u00e9ration par \u00ab\u00e9vaporation\u00bb qui \u00e9limine tous les d\u00e9gazages g\u00e9n\u00e9ralement associ\u00e9s aux installations de stockage et de chargement de GNL. Ce proc\u00e9d\u00e9 \u00e9vite le gaspillage de gaz tout en respectant toutes les r\u00e8gles de s\u00e9curit\u00e9.<\/p>\n<p>[\/vc_column_text][\/vc_column_inner][\/vc_row_inner][\/vc_column][\/vc_row][vc_row full_width=\u00a0\u00bbstretch_row\u00a0\u00bb gradient_colors=\u00a0\u00bb%5B%7B%7D%5D\u00a0\u00bb css=\u00a0\u00bb.vc_custom_1502055009552{padding-top: 60px !important;padding-bottom: 90px !important;background-color: #f7f7f7 !important;}\u00a0\u00bb el_class=\u00a0\u00bbcriobox-four\u00a0\u00bb][vc_column][vc_row_inner][vc_column_inner width=\u00a0\u00bb1\/4&Prime;][vc_single_image image=\u00a0\u00bb9935&Prime; img_size=\u00a0\u00bbfull\u00a0\u00bb alignment=\u00a0\u00bbcenter\u00a0\u00bb][vc_empty_space height=\u00a0\u00bb30px\u00a0\u00bb][vc_custom_heading text=\u00a0\u00bbSOYEZ UN PIONNIER DANS L\u2019APPROVISIONNEMENT DE GNL\u00a0\u00bb font_container=\u00a0\u00bbtag:h4|text_align:left|color:%23236eae|line_height:1.3&Prime; use_theme_fonts=\u00a0\u00bbyes\u00a0\u00bb el_class=\u00a0\u00bbthin\u00a0\u00bb css=\u00a0\u00bb.vc_custom_1510617339352{padding-bottom: 23px !important;}\u00a0\u00bb][vc_column_text]<\/p>\n<p style=\"text-align: left;\">Cryobox\u00ae regroupe toutes les capacit\u00e9s d&rsquo;une installation GNL \u00e0 grande \u00e9chelle dans un module compact et transportable ayant les m\u00eames composantes et principales caract\u00e9ristiques que les compresseurs de Galileo: modularit\u00e9, faible poids, \u00e9conomies de transport et facilit\u00e9 d&rsquo;installation. Vous pouvez \u00eatre un leader dans la r\u00e9volution du GNL en implantant la technologie solidement \u00e9prouv\u00e9e de Galileo.<\/p>\n<p>[\/vc_column_text][\/vc_column_inner][vc_column_inner width=\u00a0\u00bb1\/4&Prime;][vc_single_image image=\u00a0\u00bb9936&Prime; img_size=\u00a0\u00bbfull\u00a0\u00bb alignment=\u00a0\u00bbcenter\u00a0\u00bb][vc_empty_space height=\u00a0\u00bb30px\u00a0\u00bb][vc_custom_heading text=\u00a0\u00bbBRANCHEZ, D\u00c9MARREZ: PROFITEZ DES AVANTAGES DU GNL\u00a0\u00bb font_container=\u00a0\u00bbtag:h4|text_align:left|color:%23236eae|line_height:1.3&Prime; use_theme_fonts=\u00a0\u00bbyes\u00a0\u00bb el_class=\u00a0\u00bbthin\u00a0\u00bb css=\u00a0\u00bb.vc_custom_1510617456136{padding-bottom: 23px !important;}\u00a0\u00bb][vc_column_text]<\/p>\n<p style=\"text-align: left;\">Aucune construction suppl\u00e9mentaire et aucun murs de sout\u00e8nement p\u00e9rim\u00e9triques sont n\u00e9cessaires ainsi, Cryobox\u00ae peut \u00eatre transport\u00e9 n&rsquo;importe o\u00f9 pour une connexion et une mise en route imm\u00e9diates, gr\u00e2ce \u00e0 une simple remorque. En raison de sa configuration compact, Cryobox\u00ae peut \u00eatre plac\u00e9 dans une station-service et raccord\u00e9 \u00e0 la ligne de distribution de gaz naturel. Il peut \u00e9galement \u00eatre install\u00e9 directement \u00e0 la t\u00eate d&rsquo;un champ p\u00e9trolier et gazier en r\u00e9gion \u00e9loign\u00e9e. Dans ce cas, Cryobox\u00ae offre un avantage environnemental suppl\u00e9mentaire en convertissant le gaz ventil\u00e9 contaminant en un combustible liquide \u00e0 haute valeur ajout\u00e9e.<\/p>\n<p>[\/vc_column_text][\/vc_column_inner][vc_column_inner width=\u00a0\u00bb1\/4&Prime;][vc_single_image image=\u00a0\u00bb9933&Prime; img_size=\u00a0\u00bbfull\u00a0\u00bb alignment=\u00a0\u00bbcenter\u00a0\u00bb][vc_empty_space height=\u00a0\u00bb23px\u00a0\u00bb][vc_custom_heading text=\u00a0\u00bbLE GNL PEUT FAIRE PARTIE DE LA VIE ET DES AFFAIRES.\u00a0\u00bb font_container=\u00a0\u00bbtag:h4|text_align:left|color:%23236eae|line_height:1.3&Prime; use_theme_fonts=\u00a0\u00bbyes\u00a0\u00bb el_class=\u00a0\u00bbthin\u00a0\u00bb css=\u00a0\u00bb.vc_custom_1510617517755{padding-bottom: 23px !important;}\u00a0\u00bb][vc_column_text]<\/p>\n<p style=\"text-align: left;\">Lorsque la demande de gaz naturel ne justifie pas l&rsquo;investissement dans un pipeline conventionnel, Cryobox\u00ae est le meilleur compl\u00e9ment au pipeline virtuel Galileo \u2122, fournissant du GNL par voie terrestre aux mines, aux industries \u00e9loign\u00e9es et aux communaut\u00e9s isol\u00e9es au-del\u00e0 de 250 miles (400km). Ceci est possible car le Virtual Pipeline \u2122 permet d\u2019optimiser la capacit\u00e9 du camion et les co\u00fbts de transport, gr\u00e2ce aux propri\u00e9t\u00e9s du GNL<\/p>\n<p>[\/vc_column_text][\/vc_column_inner][vc_column_inner width=\u00a0\u00bb1\/4&Prime;][vc_single_image image=\u00a0\u00bb9934&Prime; img_size=\u00a0\u00bbfull\u00a0\u00bb alignment=\u00a0\u00bbcenter\u00a0\u00bb][vc_empty_space height=\u00a0\u00bb8px\u00a0\u00bb][vc_custom_heading text=\u00a0\u00bbBONUS: DU GNC POUR LA CONSOMMATION URBAINE.\u00a0\u00bb font_container=\u00a0\u00bbtag:h4|text_align:left|color:%23236eae|line_height:1.3&Prime; use_theme_fonts=\u00a0\u00bbyes\u00a0\u00bb el_class=\u00a0\u00bbthin\u00a0\u00bb css=\u00a0\u00bb.vc_custom_1510617587944{padding-bottom: 0px !important;}\u00a0\u00bb][vc_column_text]<\/p>\n<p style=\"text-align: left;\">Le Cryobox\u00ae a aussi la capacit\u00e9 de fournir du GNC \u00e0 votre propre flotte de v\u00e9hicules ou de ravitailler d&rsquo;autres v\u00e9hicules urbains.<\/p>\n<p>[\/vc_column_text][\/vc_column_inner][\/vc_row_inner][\/vc_column][\/vc_row][vc_row full_width=\u00a0\u00bbstretch_row\u00a0\u00bb gradient_colors=\u00a0\u00bb%5B%7B%7D%5D\u00a0\u00bb css=\u00a0\u00bb.vc_custom_1501653901921{padding-top: 60px !important;padding-bottom: 0px !important;background-image: url(https:\/\/dgsc.ca\/wp-content\/uploads\/2017\/07\/Background_cta.png?id=9319) !important;background-position: center !important;background-repeat: no-repeat !important;background-size: cover !important;}\u00a0\u00bb][vc_column][vc_row_inner][vc_column_inner width=\u00a0\u00bb1\/2&Prime;][vc_single_image image=\u00a0\u00bb9930&Prime; img_size=\u00a0\u00bbfull\u00a0\u00bb][\/vc_column_inner][vc_column_inner width=\u00a0\u00bb1\/2&Prime;][vc_empty_space height=\u00a0\u00bb50px\u00a0\u00bb][vc_custom_heading text=\u00a0\u00bb\u00c9TUDE DE CAS\u00a0\u00bb font_container=\u00a0\u00bbtag:h3|font_size:48|text_align:left|color:%23ffffff|line_height:1.3&Prime; use_theme_fonts=\u00a0\u00bbyes\u00a0\u00bb el_class=\u00a0\u00bbthin\u00a0\u00bb css=\u00a0\u00bb.vc_custom_1509054204312{margin-top: 0px !important;margin-bottom: 0px !important;padding-bottom: 0px !important;}\u00a0\u00bb][vc_empty_space height=\u00a0\u00bb10px\u00a0\u00bb][vc_column_text css=\u00a0\u00bb.vc_custom_1505963269898{padding-bottom: 10px !important;}\u00a0\u00bb]<\/p>\n<h3><strong><span style=\"color: #ffffff;\">Gaz \u00e9vas\u00e9s au GNL \u2013 Dakota du Nord<\/span><\/strong><\/h3>\n<p>[\/vc_column_text][vc_empty_space][vc_btn title=\u00a0\u00bbEN SAVOIR PLUS\u00a0\u00bb style=\u00a0\u00bbcustom\u00a0\u00bb custom_background=\u00a0\u00bb#ffffff\u00a0\u00bb custom_text=\u00a0\u00bb#1d668f\u00a0\u00bb shape=\u00a0\u00bbsquare\u00a0\u00bb align=\u00a0\u00bbleft\u00a0\u00bb el_class=\u00a0\u00bbhover-green\u00a0\u00bb link=\u00a0\u00bburl:http%3A%2F%2Fdgsc.ca%2Ffr%2Fportfolio%2Fgaz-evases-au-gnl-dakota-du-nord%2F|||\u00a0\u00bb][\/vc_column_inner][\/vc_row_inner][\/vc_column][\/vc_row]<\/p>\n<\/div>","protected":false},"excerpt":{"rendered":"<p>[vc_row full_width=\u00a0\u00bbstretch_row\u00a0\u00bb gradient_colors=\u00a0\u00bb%5B%7B%7D%5D\u00a0\u00bb css=\u00a0\u00bb.vc_custom_1504900497323{padding-top: 90px !important;padding-bottom: 120px !important;background-image: url(https:\/\/dgsc.ca\/wp-content\/uploads\/2017\/08\/Banner_Criobox-1.jpg?id=11180) !important;background-position: center !important;background-repeat: no-repeat !important;background-size: cover !important;}\u00a0\u00bb el_class=\u00a0\u00bbbanner-services-custom\u00a0\u00bb][vc_column][vc_empty_space height=\u00a0\u00bb40px\u00a0\u00bb][vc_custom_heading text=\u00a0\u00bbTECHNOLOGIE GALILEO\u00a0\u00bb font_container=\u00a0\u00bbtag:h2|font_size:35px|text_align:left|color:%23ffffff\u00a0\u00bb google_fonts=\u00a0\u00bbfont_family:Montserrat%3Aregular%2C700|font_style:400%20regular%3A400%3Anormal\u00a0\u00bb el_class=\u00a0\u00bbtitle-page-custom\u00a0\u00bb css=\u00a0\u00bb.vc_custom_1508444437623{margin-bottom: 0px !important;}\u00a0\u00bb][vc_custom_heading text=\u00a0\u00bbCRYOBOX\u00a0\u00bb font_container=\u00a0\u00bbtag:h2|font_size:50px|text_align:left|color:%23ffffff\u00a0\u00bb google_fonts=\u00a0\u00bbfont_family:Montserrat%3Aregular%2C700|font_style:400%20regular%3A400%3Anormal\u00a0\u00bb el_class=\u00a0\u00bbtitle-page-custom\u00a0\u00bb css=\u00a0\u00bb.vc_custom_1502069068047{margin-bottom: 10px !important;}\u00a0\u00bb][vc_row_inner][vc_column_inner width=\u00a0\u00bb5\/12&Prime;][vc_column_text] Avec la station Cryobox Micro GNL, \u00e7a marche. [\/vc_column_text][\/vc_column_inner][vc_column_inner width=\u00a0\u00bb7\/12&Prime;][\/vc_column_inner][\/vc_row_inner][\/vc_column][\/vc_row][vc_row full_width=\u00a0\u00bbstretch_row\u00a0\u00bb gradient_colors=\u00a0\u00bb%5B%7B%7D%5D\u00a0\u00bb css=\u00a0\u00bb.vc_custom_1501748302035{padding-top: 60px !important;padding-bottom: 90px !important;}\u00a0\u00bb el_class=\u00a0\u00bbaplication-custom\u00a0\u00bb][vc_column][vc_custom_heading text=\u00a0\u00bbCRYOBOX\u00a0\u00bb font_container=\u00a0\u00bbtag:h2|font_size:40|text_align:center|color:%23236eae|line_height:1.3&Prime; use_theme_fonts=\u00a0\u00bbyes\u00a0\u00bb&hellip;<\/p>\n","protected":false},"author":1,"featured_media":0,"parent":0,"menu_order":0,"comment_status":"closed","ping_status":"closed","template":"","meta":{"inline_featured_image":false,"footnotes":""},"yst_prominent_words":[704,1018,687,428,1021,1019,1012,1009,1020,529,617,262,699,268,666,272,1011,1013,1010,1008],"class_list":["post-11273","page","type-page","status-publish","hentry","description-off"],"_links":{"self":[{"href":"https:\/\/dgsc.ca\/fr\/wp-json\/wp\/v2\/pages\/11273","targetHints":{"allow":["GET"]}}],"collection":[{"href":"https:\/\/dgsc.ca\/fr\/wp-json\/wp\/v2\/pages"}],"about":[{"href":"https:\/\/dgsc.ca\/fr\/wp-json\/wp\/v2\/types\/page"}],"author":[{"embeddable":true,"href":"https:\/\/dgsc.ca\/fr\/wp-json\/wp\/v2\/users\/1"}],"replies":[{"embeddable":true,"href":"https:\/\/dgsc.ca\/fr\/wp-json\/wp\/v2\/comments?post=11273"}],"version-history":[{"count":4,"href":"https:\/\/dgsc.ca\/fr\/wp-json\/wp\/v2\/pages\/11273\/revisions"}],"predecessor-version":[{"id":12595,"href":"https:\/\/dgsc.ca\/fr\/wp-json\/wp\/v2\/pages\/11273\/revisions\/12595"}],"wp:attachment":[{"href":"https:\/\/dgsc.ca\/fr\/wp-json\/wp\/v2\/media?parent=11273"}],"wp:term":[{"taxonomy":"yst_prominent_words","embeddable":true,"href":"https:\/\/dgsc.ca\/fr\/wp-json\/wp\/v2\/yst_prominent_words?post=11273"}],"curies":[{"name":"wp","href":"https:\/\/api.w.org\/{rel}","templated":true}]}}